{"id":8855,"date":"2022-10-11T13:04:47","date_gmt":"2022-10-11T13:04:47","guid":{"rendered":"https:\/\/traze.com\/?page_id=8855"},"modified":"2022-11-18T10:33:35","modified_gmt":"2022-11-18T10:33:35","slug":"reglas-uso-sitio-web","status":"publish","type":"page","link":"https:\/\/traze.com\/mx\/reglas-uso-sitio-web\/","title":{"rendered":"Reglas de uso del sitio web"},"content":{"rendered":"\t\t<div data-elementor-type=\"wp-page\" data-elementor-id=\"8855\" class=\"elementor elementor-8855 elementor-6618\" data-elementor-settings=\"{&quot;element_pack_global_tooltip_width&quot;:{&quot;unit&quot;:&quot;px&quot;,&quot;size&quot;:&quot;&quot;,&quot;sizes&quot;:[]},&quot;element_pack_global_tooltip_width_tablet&quot;:{&quot;unit&quot;:&quot;px&quot;,&quot;size&quot;:&quot;&quot;,&quot;sizes&quot;:[]},&quot;element_pack_global_tooltip_width_mobile&quot;:{&quot;unit&quot;:&quot;px&quot;,&quot;size&quot;:&quot;&quot;,&quot;sizes&quot;:[]},&quot;element_pack_global_tooltip_padding&quot;:{&quot;unit&quot;:&quot;px&quot;,&quot;top&quot;:&quot;&quot;,&quot;right&quot;:&quot;&quot;,&quot;bottom&quot;:&quot;&quot;,&quot;left&quot;:&quot;&quot;,&quot;isLinked&quot;:true},&quot;element_pack_global_tooltip_padding_tablet&quot;:{&quot;unit&quot;:&quot;px&quot;,&quot;top&quot;:&quot;&quot;,&quot;right&quot;:&quot;&quot;,&quot;bottom&quot;:&quot;&quot;,&quot;left&quot;:&quot;&quot;,&quot;isLinked&quot;:true},&quot;element_pack_global_tooltip_padding_mobile&quot;:{&quot;unit&quot;:&quot;px&quot;,&quot;top&quot;:&quot;&quot;,&quot;right&quot;:&quot;&quot;,&quot;bottom&quot;:&quot;&quot;,&quot;left&quot;:&quot;&quot;,&quot;isLinked&quot;:true},&quot;element_pack_global_tooltip_border_radius&quot;:{&quot;unit&quot;:&quot;px&quot;,&quot;top&quot;:&quot;&quot;,&quot;right&quot;:&quot;&quot;,&quot;bottom&quot;:&quot;&quot;,&quot;left&quot;:&quot;&quot;,&quot;isLinked&quot;:true},&quot;element_pack_global_tooltip_border_radius_tablet&quot;:{&quot;unit&quot;:&quot;px&quot;,&quot;top&quot;:&quot;&quot;,&quot;right&quot;:&quot;&quot;,&quot;bottom&quot;:&quot;&quot;,&quot;left&quot;:&quot;&quot;,&quot;isLinked&quot;:true},&quot;element_pack_global_tooltip_border_radius_mobile&quot;:{&quot;unit&quot;:&quot;px&quot;,&quot;top&quot;:&quot;&quot;,&quot;right&quot;:&quot;&quot;,&quot;bottom&quot;:&quot;&quot;,&quot;left&quot;:&quot;&quot;,&quot;isLinked&quot;:true}}\" data-elementor-post-type=\"page\">\n\t\t\t\t\t\t<div class=\"elementor-section elementor-top-section elementor-element elementor-element-984f0ef zfx-hero elementor-section-boxed elementor-section-height-default elementor-section-height-default\" data-id=\"984f0ef\" data-element_type=\"section\" data-settings=\"{&quot;background_background&quot;:&quot;gradient&quot;}\">\n\t\t\t\t\t\t<div class=\"elementor-container elementor-column-gap-no\">\n\t\t\t\t\t<div class=\"elementor-column elementor-col-50 elementor-top-column elementor-element elementor-element-8687656 animated-slow elementor-invisible\" data-id=\"8687656\" data-element_type=\"column\" data-settings=\"{&quot;animation&quot;:&quot;fadeIn&quot;,&quot;animation_delay&quot;:200}\">\n\t\t\t<div class=\"elementor-widget-wrap elementor-element-populated\">\n\t\t\t\t\t\t<div class=\"elementor-element elementor-element-5acffe8 elementor-widget elementor-widget-heading\" data-id=\"5acffe8\" data-element_type=\"widget\" data-widget_type=\"heading.default\">\n\t\t\t\t<div class=\"elementor-widget-container\">\n\t\t\t\t\t<h1 class=\"elementor-heading-title elementor-size-default\">Reglas de Uso Del Sitio Web<\/h1>\t\t\t\t<\/div>\n\t\t\t\t<\/div>\n\t\t\t\t\t<\/div>\n\t\t<\/div>\n\t\t\t\t<div class=\"elementor-column elementor-col-50 elementor-top-column elementor-element elementor-element-0e9615a animated-slow elementor-invisible\" data-id=\"0e9615a\" data-element_type=\"column\" data-settings=\"{&quot;animation&quot;:&quot;fadeIn&quot;}\">\n\t\t\t<div class=\"elementor-widget-wrap elementor-element-populated\">\n\t\t\t\t\t\t<div class=\"elementor-element elementor-element-c410792 elementor-widget-mobile__width-initial elementor-widget__width-initial elementor-widget-tablet__width-initial elementor-absolute elementor-widget elementor-widget-image\" data-id=\"c410792\" data-element_type=\"widget\" data-settings=\"{&quot;_position&quot;:&quot;absolute&quot;}\" data-widget_type=\"image.default\">\n\t\t\t\t<div class=\"elementor-widget-container\">\n\t\t\t\t\t\t\t\t\t\t\t\t\t\t\t<img fetchpriority=\"high\" decoding=\"async\" width=\"2514\" height=\"1885\" src=\"https:\/\/traze.com\/lib\/uploads\/2022\/09\/halo-gradient.svg\" class=\"attachment-full size-full wp-image-14738\" alt=\"\" \/>\t\t\t\t\t\t\t\t\t\t\t\t\t\t\t<\/div>\n\t\t\t\t<\/div>\n\t\t\t\t<div class=\"elementor-element elementor-element-6831234 elementor-widget-mobile__width-initial elementor-widget__width-initial elementor-widget-tablet__width-initial elementor-absolute elementor-widget elementor-widget-image\" data-id=\"6831234\" data-element_type=\"widget\" data-settings=\"{&quot;_position&quot;:&quot;absolute&quot;}\" data-widget_type=\"image.default\">\n\t\t\t\t<div class=\"elementor-widget-container\">\n\t\t\t\t\t\t\t\t\t\t\t\t\t\t\t<img decoding=\"async\" width=\"2360\" height=\"2360\" src=\"https:\/\/traze.com\/lib\/uploads\/2022\/09\/halo-gradient-02.svg\" class=\"attachment-full size-full wp-image-14746\" alt=\"\" srcset=\"https:\/\/traze.com\/lib\/uploads\/\/2022\/09\/halo-gradient-02.svg 150w, https:\/\/traze.com\/lib\/uploads\/\/2022\/09\/halo-gradient-02.svg 300w, https:\/\/traze.com\/lib\/uploads\/\/2022\/09\/halo-gradient-02.svg 1024w\" sizes=\"(max-width: 2360px) 100vw, 2360px\" \/>\t\t\t\t\t\t\t\t\t\t\t\t\t\t\t<\/div>\n\t\t\t\t<\/div>\n\t\t\t\t<div class=\"elementor-element elementor-element-0935614 elementor-widget-mobile__width-initial elementor-widget__width-initial elementor-widget-tablet__width-initial elementor-absolute elementor-widget elementor-widget-image\" data-id=\"0935614\" data-element_type=\"widget\" data-settings=\"{&quot;_position&quot;:&quot;absolute&quot;}\" data-widget_type=\"image.default\">\n\t\t\t\t<div class=\"elementor-widget-container\">\n\t\t\t\t\t\t\t\t\t\t\t\t\t\t\t<img decoding=\"async\" width=\"2514\" height=\"1885\" src=\"https:\/\/traze.com\/lib\/uploads\/2022\/09\/halo-gradient-03.svg\" class=\"attachment-full size-full wp-image-14742\" alt=\"\" \/>\t\t\t\t\t\t\t\t\t\t\t\t\t\t\t<\/div>\n\t\t\t\t<\/div>\n\t\t\t\t\t<\/div>\n\t\t<\/div>\n\t\t\t\t\t<\/div>\n\t\t<\/div>\n\t\t\t\t<section class=\"elementor-section elementor-top-section elementor-element elementor-element-771b35a  ui-fluid-animation-1 elementor-section-boxed elementor-section-height-default elementor-section-height-default\" data-id=\"771b35a\" data-element_type=\"section\" data-settings=\"{&quot;background_background&quot;:&quot;gradient&quot;,&quot;section_fluid_on&quot;:&quot;yes&quot;}\">\n\t\t\t\t\t\t<div class=\"elementor-container elementor-column-gap-default\">\n\t\t\t\t\t<div class=\"elementor-column elementor-col-100 elementor-top-column elementor-element elementor-element-b38a917 bdt-backdrop-filter-yes\" data-id=\"b38a917\" data-element_type=\"column\" data-settings=\"{&quot;background_background&quot;:&quot;classic&quot;}\">\n\t\t\t<div class=\"elementor-widget-wrap elementor-element-populated\">\n\t\t\t\t\t\t<div class=\"elementor-element elementor-element-5e6f913 elementor-widget elementor-widget-text-editor\" data-id=\"5e6f913\" data-element_type=\"widget\" data-widget_type=\"text-editor.default\">\n\t\t\t\t<div class=\"elementor-widget-container\">\n\t\t\t\t\t\t\t\t\t<p><strong>Marcas Registradas e Direitos de Propriedade Intelectual<\/strong><\/p>\n<p>Zeal Group (a Empresa), negociando como Traze e Zeal, \u00e9 o propriet\u00e1rio dos direitos autorais nas p\u00e1ginas e nas telas que exibem este site, e nas informa\u00e7\u00f5es e materiais nele contidos e em seu arranjo, a menos que indicado de outra forma. A Empresa det\u00e9m os direitos exclusivos ou licen\u00e7a de uso ou qualquer outra licen\u00e7a para todos os tipos de nomes comerciais e marcas registradas contidas e\/ou que aparecem neste site.<\/p>\n<p><strong>Altera\u00e7\u00e3o de Informa\u00e7\u00f5es e Materiais <\/strong><\/p>\n<p>Todas as informa\u00e7\u00f5es e materiais contidos no site da Empresa e todos os termos, condi\u00e7\u00f5es, pr\u00e9-requisitos e descri\u00e7\u00f5es aqui contidos est\u00e3o sujeitos a altera\u00e7\u00f5es sem aviso pr\u00e9vio.<\/p>\n<p><strong>Limita\u00e7\u00e3o de responsabilidade<\/strong><\/p>\n<p>A Empresa n\u00e3o oferece qualquer garantia quanto \u00e0 exatid\u00e3o, adequa\u00e7\u00e3o ou integridade das informa\u00e7\u00f5es e materiais contidos em seus sites e rejeita expressamente qualquer responsabilidade por quaisquer erros e\/ou omiss\u00f5es a esse respeito. A Empresa n\u00e3o fornece nenhuma garantia de qualquer tipo impl\u00edcita, expressa ou estatut\u00e1ria, incluindo, mas n\u00e3o se limitando \u00e0s garantias de n\u00e3o viola\u00e7\u00e3o de direitos de terceiros, t\u00edtulo, comercializa\u00e7\u00e3o, adequa\u00e7\u00e3o a uma finalidade espec\u00edfica e aus\u00eancia de v\u00edrus de computador, em conjunto com o informa\u00e7\u00f5es e materiais dos mesmos.<\/p><p><span style=\"font-size: inherit; color: var(--zfxcore-typography--p-c,&quot;#070707&quot;); font-family: var(--zfxcore-typography--p-f,&quot;Inter&quot;); font-style: var(--zfxcore-typography--p-st,&quot;normal&quot;); font-weight: var(--zfxcore-typography--p-w,&quot;600&quot;); letter-spacing: var(--zfxcore-typography--p-ls,&quot;-0.027em&quot;); text-transform: var(--zfxcore-typography--p-t,&quot;none&quot;);\">Os hiperlinks para outros recursos da Internet s\u00e3o seguidos por sua conta e risco; o conte\u00fado, precis\u00e3o, opini\u00f5es expressas e outros links fornecidos por esses recursos n\u00e3o s\u00e3o controlados, investigados, verificados, monitorados e\/ou endossados pela Empresa.<\/span><\/p>\n<p>A Empresa n\u00e3o ser\u00e1 respons\u00e1vel por<\/p>\n<ul>\n<li>quaisquer danos, perdas ou despesas que surjam em conex\u00e3o com este site ou seu uso ou incapacidade de uso por qualquer pessoa ou em conex\u00e3o com a incapacidade de executar um pedido, erro, omiss\u00e3o, interrup\u00e7\u00e3o, falha, atraso na opera\u00e7\u00e3o ou transmiss\u00e3o, v\u00edrus de computador, falha de comunica\u00e7\u00e3o ou falha de linha ou sistema, mesmo que a Empresa ou seus representantes tenham sido informados sobre a possibilidade de tais danos, perdas ou custos e<\/li>\n<li>por erros ou imprecis\u00f5es no processo de transmiss\u00e3o de dados e\/ou Ordens na negocia\u00e7\u00e3o de Contratos por Diferen\u00e7a (CFDs) ou quaisquer instru\u00e7\u00f5es do cliente\/visitante do site, interfer\u00eancia, representa\u00e7\u00e3o fraudulenta, quebra de c\u00f3digos secretos de acesso, grava\u00e7\u00e3o ou transmiss\u00e3o err\u00f4nea de mensagem ou falha do sistema devido a for\u00e7a maior ou por qualquer outro motivo que n\u00e3o seja devido \u00e0 viola\u00e7\u00e3o do acima exposto pela Empresa.<\/li>\n<\/ul>\n<p>La Empresa no ser\u00e1 responsable de ning\u00fan da\u00f1o que pueda sufrir el hardware o software del usuario que pueda derivarse de la utilizaci\u00f3n de este sitio web y\/o de los terrenos o de la conexi\u00f3n de este sitio web con otros sitios web\/enlaces de hipertexto o de Internet. recursos.<\/p>\n<p><strong>Usu\u00e1rios pretendidos<\/strong><\/p>\n<p>Este site n\u00e3o se destina a qualquer pessoa ou entidade em qualquer jurisdi\u00e7\u00e3o ou pa\u00eds onde tal distribui\u00e7\u00e3o ou uso seja contr\u00e1rio \u00e0 lei ou regulamento local.<\/p>\n<p><strong>Uso de Cookies<\/strong><\/p>\n<p>Por favor, consulte a nossa Pol\u00edtica de Cookies para mais detalhes.<\/p>\n<p><strong>Links de Terceiros<\/strong><\/p>\n<p>O Site cont\u00e9m links para sites operados por outras partes. Fornecemos os links para sua conveni\u00eancia, mas n\u00e3o revisamos, controlamos ou monitoramos a privacidade ou outras pr\u00e1ticas de sites operados por terceiros. N\u00e3o somos respons\u00e1veis pelo desempenho de sites operados por terceiros ou por seus neg\u00f3cios com eles.<\/p>\n<p><strong>Dados Pessoais<\/strong><\/p>\n<p>Quaisquer Dados pessoais que venham a ser recolhidos pela Empresa atrav\u00e9s deste website, ser\u00e3o processados de acordo com a nossa Pol\u00edtica de Privacidade.<\/p>\n<p>Eu, o usu\u00e1rio deste site, concordo que:<\/p>\n<ul>\n<li>la Compa\u00f1\u00eda tiene derecho a procesar Datos Personales para apoyar, promover y llevar a cabo nuestras relaciones.<\/li>\n<li>la Empresa no comunicar\u00e1 ni divulgar\u00e1 dichos Datos Personales a ning\u00fan tercero, a menos que se trate de:<br>\n(1) una empresa o empresas a las que la Empresa haya asignado parcial o totalmente la realizaci\u00f3n del tratamiento de dichos datos de conformidad con la ley,<br>\n(2) dicha comunicaci\u00f3n o divulgaci\u00f3n que puede ser requerida por ley o por una decisi\u00f3n judicial y<br>\n(3) cuando soy un cliente de la Compa\u00f1\u00eda de acuerdo con la Pol\u00edtica de privacidad que tambi\u00e9n se aplica a m\u00ed.<\/li>\n<li>A menos que yo indique espec\u00edficamente lo contrario, la Empresa tendr\u00e1 derecho a utilizar dichos datos personales, con la excepci\u00f3n de los Datos personales confidenciales, para promocionar de forma remota sus productos financieros y\/o cualquier producto\/servicio proporcionado por otras empresas afiliadas.<\/li>\n<li>Estou ciente de que, a qualquer momento, tenho o direito de atualizar ou recusar qualquer processamento adicional dos meus Dados Pessoais.<\/li>\n<li>O que est\u00e1 acima se aplicar\u00e1 tanto aos atuais Clientes da Empresa quanto aos solicitantes de qualquer servi\u00e7o, independentemente de sua solicita\u00e7\u00e3o ser aceita ou rejeitada. Em rela\u00e7\u00e3o aos Clientes da Empresa aplica-se tamb\u00e9m a Pol\u00edtica de Privacidade.<\/li>\n<\/ul>\n<p><strong>Al acceder al sitio web de la Compa\u00f1\u00eda y a cualquier p\u00e1gina vinculada all\u00ed, usted acepta estar sujeto a los t\u00e9rminos y condiciones descritos anteriormente.<\/strong><\/p>\t\t\t\t\t\t\t\t<\/div>\n\t\t\t\t<\/div>\n\t\t\t\t\t<\/div>\n\t\t<\/div>\n\t\t\t\t\t<\/div>\n\t\t<\/section>\n\t\t\t\t<\/div>\n\t\t","protected":false},"excerpt":{"rendered":"<p>Reglas de Uso Del Sitio Web Marcas Registradas e Direitos de Propriedade Intelectual Zeal Group (a Empresa), negociando como Traze e Zeal, [&hellip;]<\/p>\n","protected":false},"author":2,"featured_media":0,"parent":0,"menu_order":0,"comment_status":"closed","ping_status":"closed","template":"","meta":{"footnotes":""},"class_list":["post-8855","page","type-page","status-publish","hentry"],"yoast_head":"<!-- This site is optimized with the Yoast SEO Premium plugin v24.8 (Yoast SEO v24.8.1) - https:\/\/yoast.com\/wordpress\/plugins\/seo\/ -->\n<title>Reglas de uso del sitio web | Traze Forex and CFD Online Trading<\/title>\n<meta name=\"robots\" content=\"index, follow, max-snippet:-1, max-image-preview:large, max-video-preview:-1\" \/>\n<link rel=\"canonical\" href=\"https:\/\/traze.com\/mx\/reglas-uso-sitio-web\/\" \/>\n<meta property=\"og:locale\" content=\"es_MX\" \/>\n<meta property=\"og:type\" content=\"article\" \/>\n<meta property=\"og:title\" content=\"Reglas de uso del sitio web\" \/>\n<meta property=\"og:description\" content=\"Reglas de Uso Del Sitio Web Marcas Registradas e Direitos de Propriedade Intelectual Zeal Group (a Empresa), negociando como Traze e Zeal, [&hellip;]\" \/>\n<meta property=\"og:url\" content=\"https:\/\/traze.com\/mx\/reglas-uso-sitio-web\/\" \/>\n<meta property=\"og:site_name\" content=\"Traze Forex and CFD Online Trading\" \/>\n<meta property=\"article:modified_time\" content=\"2022-11-18T10:33:35+00:00\" \/>\n<meta property=\"og:image\" content=\"https:\/\/traze.com\/lib\/uploads\/2022\/09\/halo-gradient.svg\" \/>\n<meta name=\"twitter:card\" content=\"summary_large_image\" \/>\n<meta name=\"twitter:label1\" content=\"Tiempo de lectura\" \/>\n\t<meta name=\"twitter:data1\" content=\"5 minutos\" \/>\n<script type=\"application\/ld+json\" class=\"yoast-schema-graph\">{\"@context\":\"https:\/\/schema.org\",\"@graph\":[{\"@type\":\"WebPage\",\"@id\":\"https:\/\/traze.com\/mx\/reglas-uso-sitio-web\/\",\"url\":\"https:\/\/traze.com\/mx\/reglas-uso-sitio-web\/\",\"name\":\"Reglas de uso del sitio web | Traze Forex and CFD Online Trading\",\"isPartOf\":{\"@id\":\"https:\/\/traze.com\/mx\/#website\"},\"primaryImageOfPage\":{\"@id\":\"https:\/\/traze.com\/mx\/reglas-uso-sitio-web\/#primaryimage\"},\"image\":{\"@id\":\"https:\/\/traze.com\/mx\/reglas-uso-sitio-web\/#primaryimage\"},\"thumbnailUrl\":\"https:\/\/traze.com\/lib\/uploads\/2022\/09\/halo-gradient.svg\",\"datePublished\":\"2022-10-11T13:04:47+00:00\",\"dateModified\":\"2022-11-18T10:33:35+00:00\",\"breadcrumb\":{\"@id\":\"https:\/\/traze.com\/mx\/reglas-uso-sitio-web\/#breadcrumb\"},\"inLanguage\":\"es\",\"potentialAction\":[{\"@type\":\"ReadAction\",\"target\":[\"https:\/\/traze.com\/mx\/reglas-uso-sitio-web\/\"]}]},{\"@type\":\"ImageObject\",\"inLanguage\":\"es\",\"@id\":\"https:\/\/traze.com\/mx\/reglas-uso-sitio-web\/#primaryimage\",\"url\":\"https:\/\/traze.com\/lib\/uploads\/2022\/09\/halo-gradient.svg\",\"contentUrl\":\"https:\/\/traze.com\/lib\/uploads\/2022\/09\/halo-gradient.svg\"},{\"@type\":\"BreadcrumbList\",\"@id\":\"https:\/\/traze.com\/mx\/reglas-uso-sitio-web\/#breadcrumb\",\"itemListElement\":[{\"@type\":\"ListItem\",\"position\":1,\"name\":\"Home\",\"item\":\"https:\/\/traze.com\/mx\/\"},{\"@type\":\"ListItem\",\"position\":2,\"name\":\"Reglas de uso del sitio web\"}]},{\"@type\":\"WebSite\",\"@id\":\"https:\/\/traze.com\/mx\/#website\",\"url\":\"https:\/\/traze.com\/mx\/\",\"name\":\"Traze Forex and CFD Online Trading\",\"description\":\"\",\"publisher\":{\"@id\":\"https:\/\/traze.com\/mx\/#organization\"},\"potentialAction\":[{\"@type\":\"SearchAction\",\"target\":{\"@type\":\"EntryPoint\",\"urlTemplate\":\"https:\/\/traze.com\/mx\/?s={search_term_string}\"},\"query-input\":{\"@type\":\"PropertyValueSpecification\",\"valueRequired\":true,\"valueName\":\"search_term_string\"}}],\"inLanguage\":\"es\"},{\"@type\":\"Organization\",\"@id\":\"https:\/\/traze.com\/mx\/#organization\",\"name\":\"Traze Forex and CFD Online Trading\",\"url\":\"https:\/\/traze.com\/mx\/\",\"logo\":{\"@type\":\"ImageObject\",\"inLanguage\":\"es\",\"@id\":\"https:\/\/traze.com\/mx\/#\/schema\/logo\/image\/\",\"url\":\"https:\/\/traze.com\/lib\/uploads\/2022\/09\/traze-logo-light.svg\",\"contentUrl\":\"https:\/\/traze.com\/lib\/uploads\/2022\/09\/traze-logo-light.svg\",\"width\":121,\"height\":34,\"caption\":\"Traze Forex and CFD Online Trading\"},\"image\":{\"@id\":\"https:\/\/traze.com\/mx\/#\/schema\/logo\/image\/\"}}]}<\/script>\n<!-- \/ Yoast SEO Premium plugin. -->","yoast_head_json":{"title":"Reglas de uso del sitio web | Traze Forex and CFD Online Trading","robots":{"index":"index","follow":"follow","max-snippet":"max-snippet:-1","max-image-preview":"max-image-preview:large","max-video-preview":"max-video-preview:-1"},"canonical":"https:\/\/traze.com\/mx\/reglas-uso-sitio-web\/","og_locale":"es_MX","og_type":"article","og_title":"Reglas de uso del sitio web","og_description":"Reglas de Uso Del Sitio Web Marcas Registradas e Direitos de Propriedade Intelectual Zeal Group (a Empresa), negociando como Traze e Zeal, [&hellip;]","og_url":"https:\/\/traze.com\/mx\/reglas-uso-sitio-web\/","og_site_name":"Traze Forex and CFD Online Trading","article_modified_time":"2022-11-18T10:33:35+00:00","og_image":[{"url":"https:\/\/traze.com\/lib\/uploads\/2022\/09\/halo-gradient.svg","type":"","width":"","height":""}],"twitter_card":"summary_large_image","twitter_misc":{"Tiempo de lectura":"5 minutos"},"schema":{"@context":"https:\/\/schema.org","@graph":[{"@type":"WebPage","@id":"https:\/\/traze.com\/mx\/reglas-uso-sitio-web\/","url":"https:\/\/traze.com\/mx\/reglas-uso-sitio-web\/","name":"Reglas de uso del sitio web | Traze Forex and CFD Online Trading","isPartOf":{"@id":"https:\/\/traze.com\/mx\/#website"},"primaryImageOfPage":{"@id":"https:\/\/traze.com\/mx\/reglas-uso-sitio-web\/#primaryimage"},"image":{"@id":"https:\/\/traze.com\/mx\/reglas-uso-sitio-web\/#primaryimage"},"thumbnailUrl":"https:\/\/traze.com\/lib\/uploads\/2022\/09\/halo-gradient.svg","datePublished":"2022-10-11T13:04:47+00:00","dateModified":"2022-11-18T10:33:35+00:00","breadcrumb":{"@id":"https:\/\/traze.com\/mx\/reglas-uso-sitio-web\/#breadcrumb"},"inLanguage":"es","potentialAction":[{"@type":"ReadAction","target":["https:\/\/traze.com\/mx\/reglas-uso-sitio-web\/"]}]},{"@type":"ImageObject","inLanguage":"es","@id":"https:\/\/traze.com\/mx\/reglas-uso-sitio-web\/#primaryimage","url":"https:\/\/traze.com\/lib\/uploads\/2022\/09\/halo-gradient.svg","contentUrl":"https:\/\/traze.com\/lib\/uploads\/2022\/09\/halo-gradient.svg"},{"@type":"BreadcrumbList","@id":"https:\/\/traze.com\/mx\/reglas-uso-sitio-web\/#breadcrumb","itemListElement":[{"@type":"ListItem","position":1,"name":"Home","item":"https:\/\/traze.com\/mx\/"},{"@type":"ListItem","position":2,"name":"Reglas de uso del sitio web"}]},{"@type":"WebSite","@id":"https:\/\/traze.com\/mx\/#website","url":"https:\/\/traze.com\/mx\/","name":"Traze Forex and CFD Online Trading","description":"","publisher":{"@id":"https:\/\/traze.com\/mx\/#organization"},"potentialAction":[{"@type":"SearchAction","target":{"@type":"EntryPoint","urlTemplate":"https:\/\/traze.com\/mx\/?s={search_term_string}"},"query-input":{"@type":"PropertyValueSpecification","valueRequired":true,"valueName":"search_term_string"}}],"inLanguage":"es"},{"@type":"Organization","@id":"https:\/\/traze.com\/mx\/#organization","name":"Traze Forex and CFD Online Trading","url":"https:\/\/traze.com\/mx\/","logo":{"@type":"ImageObject","inLanguage":"es","@id":"https:\/\/traze.com\/mx\/#\/schema\/logo\/image\/","url":"https:\/\/traze.com\/lib\/uploads\/2022\/09\/traze-logo-light.svg","contentUrl":"https:\/\/traze.com\/lib\/uploads\/2022\/09\/traze-logo-light.svg","width":121,"height":34,"caption":"Traze Forex and CFD Online Trading"},"image":{"@id":"https:\/\/traze.com\/mx\/#\/schema\/logo\/image\/"}}]}},"_links":{"self":[{"href":"https:\/\/traze.com\/mx\/wp-json\/wp\/v2\/pages\/8855","targetHints":{"allow":["GET"]}}],"collection":[{"href":"https:\/\/traze.com\/mx\/wp-json\/wp\/v2\/pages"}],"about":[{"href":"https:\/\/traze.com\/mx\/wp-json\/wp\/v2\/types\/page"}],"author":[{"embeddable":true,"href":"https:\/\/traze.com\/mx\/wp-json\/wp\/v2\/users\/2"}],"replies":[{"embeddable":true,"href":"https:\/\/traze.com\/mx\/wp-json\/wp\/v2\/comments?post=8855"}],"version-history":[{"count":0,"href":"https:\/\/traze.com\/mx\/wp-json\/wp\/v2\/pages\/8855\/revisions"}],"wp:attachment":[{"href":"https:\/\/traze.com\/mx\/wp-json\/wp\/v2\/media?parent=8855"}],"curies":[{"name":"wp","href":"https:\/\/api.w.org\/{rel}","templated":true}]}}