{"id":8845,"date":"2022-09-26T06:00:12","date_gmt":"2022-09-26T06:00:12","guid":{"rendered":"https:\/\/traze.com\/?page_id=8845"},"modified":"2023-12-19T15:40:48","modified_gmt":"2023-12-19T15:40:48","slug":"politicas-apalancamiento","status":"publish","type":"page","link":"https:\/\/traze.com\/mx\/trading\/politicas-apalancamiento\/","title":{"rendered":"Pol\u00edticas de Apalancamiento"},"content":{"rendered":"\t\t<div data-elementor-type=\"wp-page\" data-elementor-id=\"8845\" class=\"elementor elementor-8845 elementor-4922\" data-elementor-settings=\"{&quot;element_pack_global_tooltip_width&quot;:{&quot;unit&quot;:&quot;px&quot;,&quot;size&quot;:&quot;&quot;,&quot;sizes&quot;:[]},&quot;element_pack_global_tooltip_width_tablet&quot;:{&quot;unit&quot;:&quot;px&quot;,&quot;size&quot;:&quot;&quot;,&quot;sizes&quot;:[]},&quot;element_pack_global_tooltip_width_mobile&quot;:{&quot;unit&quot;:&quot;px&quot;,&quot;size&quot;:&quot;&quot;,&quot;sizes&quot;:[]},&quot;element_pack_global_tooltip_padding&quot;:{&quot;unit&quot;:&quot;px&quot;,&quot;top&quot;:&quot;&quot;,&quot;right&quot;:&quot;&quot;,&quot;bottom&quot;:&quot;&quot;,&quot;left&quot;:&quot;&quot;,&quot;isLinked&quot;:true},&quot;element_pack_global_tooltip_padding_tablet&quot;:{&quot;unit&quot;:&quot;px&quot;,&quot;top&quot;:&quot;&quot;,&quot;right&quot;:&quot;&quot;,&quot;bottom&quot;:&quot;&quot;,&quot;left&quot;:&quot;&quot;,&quot;isLinked&quot;:true},&quot;element_pack_global_tooltip_padding_mobile&quot;:{&quot;unit&quot;:&quot;px&quot;,&quot;top&quot;:&quot;&quot;,&quot;right&quot;:&quot;&quot;,&quot;bottom&quot;:&quot;&quot;,&quot;left&quot;:&quot;&quot;,&quot;isLinked&quot;:true},&quot;element_pack_global_tooltip_border_radius&quot;:{&quot;unit&quot;:&quot;px&quot;,&quot;top&quot;:&quot;&quot;,&quot;right&quot;:&quot;&quot;,&quot;bottom&quot;:&quot;&quot;,&quot;left&quot;:&quot;&quot;,&quot;isLinked&quot;:true},&quot;element_pack_global_tooltip_border_radius_tablet&quot;:{&quot;unit&quot;:&quot;px&quot;,&quot;top&quot;:&quot;&quot;,&quot;right&quot;:&quot;&quot;,&quot;bottom&quot;:&quot;&quot;,&quot;left&quot;:&quot;&quot;,&quot;isLinked&quot;:true},&quot;element_pack_global_tooltip_border_radius_mobile&quot;:{&quot;unit&quot;:&quot;px&quot;,&quot;top&quot;:&quot;&quot;,&quot;right&quot;:&quot;&quot;,&quot;bottom&quot;:&quot;&quot;,&quot;left&quot;:&quot;&quot;,&quot;isLinked&quot;:true}}\" data-elementor-post-type=\"page\">\n\t\t\t\t\t\t<div class=\"elementor-section elementor-top-section elementor-element elementor-element-395227c zfx-hero elementor-section-height-min-height elementor-section-boxed elementor-section-height-default elementor-section-items-middle\" data-id=\"395227c\" data-element_type=\"section\" data-settings=\"{&quot;background_background&quot;:&quot;gradient&quot;}\">\n\t\t\t\t\t\t<div class=\"elementor-container elementor-column-gap-no\">\n\t\t\t\t\t<div class=\"elementor-column elementor-col-50 elementor-top-column elementor-element elementor-element-a0beff0 animated-slow elementor-invisible\" data-id=\"a0beff0\" data-element_type=\"column\" data-settings=\"{&quot;animation&quot;:&quot;fadeIn&quot;,&quot;animation_delay&quot;:200}\">\n\t\t\t<div class=\"elementor-widget-wrap elementor-element-populated\">\n\t\t\t\t\t\t<div class=\"elementor-element elementor-element-e7757d7 elementor-widget elementor-widget-heading\" data-id=\"e7757d7\" data-element_type=\"widget\" data-widget_type=\"heading.default\">\n\t\t\t\t<div class=\"elementor-widget-container\">\n\t\t\t\t\t<h1 class=\"elementor-heading-title elementor-size-default\">Pol\u00edticas de Apalancamiento<\/h1>\t\t\t\t<\/div>\n\t\t\t\t<\/div>\n\t\t\t\t\t<\/div>\n\t\t<\/div>\n\t\t\t\t<div class=\"elementor-column elementor-col-50 elementor-top-column elementor-element elementor-element-cf294f1 animated-slow elementor-invisible\" data-id=\"cf294f1\" data-element_type=\"column\" data-settings=\"{&quot;animation&quot;:&quot;fadeIn&quot;}\">\n\t\t\t<div class=\"elementor-widget-wrap elementor-element-populated\">\n\t\t\t\t\t\t<div class=\"elementor-element elementor-element-9bc3396 elementor-widget-mobile__width-initial elementor-widget__width-initial elementor-widget-tablet__width-initial elementor-absolute elementor-widget elementor-widget-image\" data-id=\"9bc3396\" data-element_type=\"widget\" data-settings=\"{&quot;_position&quot;:&quot;absolute&quot;}\" data-widget_type=\"image.default\">\n\t\t\t\t<div class=\"elementor-widget-container\">\n\t\t\t\t\t\t\t\t\t\t\t\t\t\t\t<img fetchpriority=\"high\" decoding=\"async\" width=\"949\" height=\"563\" src=\"https:\/\/traze.com\/lib\/uploads\/2022\/11\/leverage-hero.png\" class=\"attachment-full size-full wp-image-15714\" alt=\"\" srcset=\"https:\/\/traze.com\/lib\/uploads\/2022\/11\/leverage-hero.png 949w, https:\/\/traze.com\/lib\/uploads\/2022\/11\/leverage-hero-300x178.png 300w, https:\/\/traze.com\/lib\/uploads\/2022\/11\/leverage-hero-768x456.png 768w, https:\/\/traze.com\/lib\/uploads\/2022\/11\/leverage-hero-650x386.png 650w\" sizes=\"(max-width: 949px) 100vw, 949px\" \/>\t\t\t\t\t\t\t\t\t\t\t\t\t\t\t<\/div>\n\t\t\t\t<\/div>\n\t\t\t\t<div class=\"elementor-element elementor-element-d8ac4bc elementor-widget-mobile__width-initial elementor-widget__width-initial elementor-widget-tablet__width-initial elementor-absolute elementor-widget elementor-widget-image\" data-id=\"d8ac4bc\" data-element_type=\"widget\" data-settings=\"{&quot;_position&quot;:&quot;absolute&quot;}\" data-widget_type=\"image.default\">\n\t\t\t\t<div class=\"elementor-widget-container\">\n\t\t\t\t\t\t\t\t\t\t\t\t\t\t\t<img decoding=\"async\" width=\"2514\" height=\"1885\" src=\"https:\/\/traze.com\/lib\/uploads\/2022\/09\/halo-gradient.svg\" class=\"attachment-full size-full wp-image-14738\" alt=\"\" \/>\t\t\t\t\t\t\t\t\t\t\t\t\t\t\t<\/div>\n\t\t\t\t<\/div>\n\t\t\t\t<div class=\"elementor-element elementor-element-5e8e104 elementor-widget-mobile__width-initial elementor-widget__width-initial elementor-widget-tablet__width-initial elementor-absolute elementor-widget elementor-widget-image\" data-id=\"5e8e104\" data-element_type=\"widget\" data-settings=\"{&quot;_position&quot;:&quot;absolute&quot;}\" data-widget_type=\"image.default\">\n\t\t\t\t<div class=\"elementor-widget-container\">\n\t\t\t\t\t\t\t\t\t\t\t\t\t\t\t<img decoding=\"async\" width=\"2360\" height=\"2360\" src=\"https:\/\/traze.com\/lib\/uploads\/2022\/09\/halo-gradient-02.svg\" class=\"attachment-full size-full wp-image-14746\" alt=\"\" srcset=\"https:\/\/traze.com\/lib\/uploads\/\/2022\/09\/halo-gradient-02.svg 150w, https:\/\/traze.com\/lib\/uploads\/\/2022\/09\/halo-gradient-02.svg 300w, https:\/\/traze.com\/lib\/uploads\/\/2022\/09\/halo-gradient-02.svg 1024w\" sizes=\"(max-width: 2360px) 100vw, 2360px\" \/>\t\t\t\t\t\t\t\t\t\t\t\t\t\t\t<\/div>\n\t\t\t\t<\/div>\n\t\t\t\t<div class=\"elementor-element elementor-element-2149c6f elementor-widget-mobile__width-initial elementor-widget__width-initial elementor-widget-tablet__width-initial elementor-absolute elementor-widget elementor-widget-image\" data-id=\"2149c6f\" data-element_type=\"widget\" data-settings=\"{&quot;_position&quot;:&quot;absolute&quot;}\" data-widget_type=\"image.default\">\n\t\t\t\t<div class=\"elementor-widget-container\">\n\t\t\t\t\t\t\t\t\t\t\t\t\t\t\t<img loading=\"lazy\" decoding=\"async\" width=\"2514\" height=\"1885\" src=\"https:\/\/traze.com\/lib\/uploads\/2022\/09\/halo-gradient-03.svg\" class=\"attachment-full size-full wp-image-14742\" alt=\"\" \/>\t\t\t\t\t\t\t\t\t\t\t\t\t\t\t<\/div>\n\t\t\t\t<\/div>\n\t\t\t\t\t<\/div>\n\t\t<\/div>\n\t\t\t\t\t<\/div>\n\t\t<\/div>\n\t\t\t\t<section class=\"elementor-section elementor-top-section elementor-element elementor-element-e7ccb84  ui-fluid-animation-1 elementor-section-boxed elementor-section-height-default elementor-section-height-default\" data-id=\"e7ccb84\" data-element_type=\"section\" data-settings=\"{&quot;background_background&quot;:&quot;gradient&quot;,&quot;section_fluid_on&quot;:&quot;yes&quot;}\">\n\t\t\t\t\t\t<div class=\"elementor-container elementor-column-gap-default\">\n\t\t\t\t\t<div class=\"elementor-column elementor-col-100 elementor-top-column elementor-element elementor-element-d561dba bdt-backdrop-filter-yes\" data-id=\"d561dba\" data-element_type=\"column\" data-settings=\"{&quot;background_background&quot;:&quot;classic&quot;}\">\n\t\t\t<div class=\"elementor-widget-wrap elementor-element-populated\">\n\t\t\t\t\t\t<div class=\"elementor-element elementor-element-f7e17fa elementor-widget elementor-widget-heading\" data-id=\"f7e17fa\" data-element_type=\"widget\" data-widget_type=\"heading.default\">\n\t\t\t\t<div class=\"elementor-widget-container\">\n\t\t\t\t\t<h1 class=\"elementor-heading-title elementor-size-default\">Apalancamiento basado en las acciones de la cuenta de Trading<\/h1>\t\t\t\t<\/div>\n\t\t\t\t<\/div>\n\t\t\t\t<div class=\"elementor-element elementor-element-c8abec0 elementor-widget__width-initial elementor-widget elementor-widget-text-editor\" data-id=\"c8abec0\" data-element_type=\"widget\" data-widget_type=\"text-editor.default\">\n\t\t\t\t<div class=\"elementor-widget-container\">\n\t\t\t\t\t\t\t\t\t<p class=\"hljs-comment\" style=\"text-align: left;\">Ahora puede utilizar un apalancamiento de hasta 1:2000 al negociar productos de Forex y Oro con nosotros. Esto se aplica a cualquier cuenta Traze dependiendo del capital de su cuenta. En Traze, creemos en el trading con gesti\u00f3n de riesgos. Con fines de gesti\u00f3n de riesgos, nuestro sistema reducir\u00e1 autom\u00e1ticamente su apalancamiento m\u00e1ximo aplicable. Si alg\u00fan aumento en el capital de su cuenta de trading activa nuestro sistema, su apalancamiento m\u00e1ximo aplicable se reducir\u00e1 autom\u00e1ticamente. Esto afectar\u00e1 sus operaciones existentes. Consulte los niveles de apalancamiento a continuaci\u00f3n para obtener m\u00e1s informaci\u00f3n.<\/p>\t\t\t\t\t\t\t\t<\/div>\n\t\t\t\t<\/div>\n\t\t\t\t<section class=\"elementor-section elementor-inner-section elementor-element elementor-element-3c0a889 elementor-section-boxed elementor-section-height-default elementor-section-height-default\" data-id=\"3c0a889\" data-element_type=\"section\">\n\t\t\t\t\t\t<div class=\"elementor-container elementor-column-gap-default\">\n\t\t\t\t\t<div class=\"elementor-column elementor-col-100 elementor-inner-column elementor-element elementor-element-762c9ec\" data-id=\"762c9ec\" data-element_type=\"column\">\n\t\t\t<div class=\"elementor-widget-wrap elementor-element-populated\">\n\t\t\t\t\t\t<div class=\"elementor-element elementor-element-f8ffae5 bdt-hide-entries-on-mobile-yes elementor-widget elementor-widget-bdt-table\" data-id=\"f8ffae5\" data-element_type=\"widget\" data-widget_type=\"bdt-table.default\">\n\t\t\t\t<div class=\"elementor-widget-container\">\n\t\t\t\t\t\t\t<div class=\"bdt-table bdt-overflow-auto bdt-stripe\" id=\"bdt-table-f8ffae5\">\n\n\n\t\t\t<table>\n    <thead>\n        <tr>\n            <th>Patrimonio de la Cuenta de Trading (USD)<\/th>\n            <th>Apalancamiento M\u00e1ximo<\/th>\n        <\/tr>\n    <\/thead>\n    <tbody>\n        <tr>\n            <td>0-3,000<\/td>\n            <td>1\uff1a2000<\/td>\n        <\/tr>\n        <tr>\n            <td>>3,000-10,000<\/td>\n            <td>1\uff1a1000<\/td>\n        <\/tr>\n        <tr>\n            <td>>10,000-20,000<\/td>\n            <td>1\uff1a888<\/td>\n        <\/tr>\n        <tr>\n            <td>>20,000-50,000<\/td>\n            <td>1\uff1a600<\/td>\n        <\/tr>\n        <tr>\n            <td>>50,000-100,000<\/td>\n            <td>1\uff1a400<\/td>\n        <\/tr>\n        <tr>\n            <td>>100,000<\/td>\n            <td>1\uff1a200<\/td>\n        <\/tr>\n    <\/tbody>\n<\/table>\n\t\t<\/div>\n\t\t\t\t\t\t<\/div>\n\t\t\t\t<\/div>\n\t\t\t\t\t<\/div>\n\t\t<\/div>\n\t\t\t\t\t<\/div>\n\t\t<\/section>\n\t\t\t\t<div class=\"elementor-element elementor-element-1eb1e3f elementor-widget elementor-widget-heading\" data-id=\"1eb1e3f\" data-element_type=\"widget\" data-widget_type=\"heading.default\">\n\t\t\t\t<div class=\"elementor-widget-container\">\n\t\t\t\t\t<h1 class=\"elementor-heading-title elementor-size-default\">Ajuste de apalancamiento durante los fines de semana y d\u00edas festivos<\/h1>\t\t\t\t<\/div>\n\t\t\t\t<\/div>\n\t\t\t\t<div class=\"elementor-element elementor-element-0eeeee1 elementor-widget__width-initial elementor-widget elementor-widget-text-editor\" data-id=\"0eeeee1\" data-element_type=\"widget\" data-widget_type=\"text-editor.default\">\n\t\t\t\t<div class=\"elementor-widget-container\">\n\t\t\t\t\t\t\t\t\t<p class=\"hljs-comment\">Durante los fines de semana y d\u00edas festivos, cuando las sesiones de trading suelen tener un volumen bajo y la volatilidad del mercado puede impactar negativamente su trading. Como parte de nuestra gesti\u00f3n de riesgos, reduciremos el apalancamiento de trading en estos momentos. Reduciremos el apalancamiento de trading de cualquier cuenta Traze (FX y metales preciosos) a un m\u00e1ximo de 1:500, normalmente 1 hora antes del cierre del mercado el viernes, y volveremos al nivel de apalancamiento original, normalmente media hora despu\u00e9s de entrar en la nueva sesi\u00f3n de trading. Esto se aplica a todas las operaciones abiertas, \u00f3rdenes pendientes y nuevas \u00f3rdenes. Reglas similares sobre el apalancamiento tambi\u00e9n pueden aplicarse durante comunicados de prensa que mueven el mercado y d\u00edas festivos sujetos a anuncio.<\/p>\t\t\t\t\t\t\t\t<\/div>\n\t\t\t\t<\/div>\n\t\t\t\t<div class=\"elementor-element elementor-element-52551ca elementor-widget elementor-widget-heading\" data-id=\"52551ca\" data-element_type=\"widget\" data-widget_type=\"heading.default\">\n\t\t\t\t<div class=\"elementor-widget-container\">\n\t\t\t\t\t<h1 class=\"elementor-heading-title elementor-size-default\">Ajuste del apalancamiento antes de los principales eventos econ\u00f3micos y de mercado<\/h1>\t\t\t\t<\/div>\n\t\t\t\t<\/div>\n\t\t\t\t<div class=\"elementor-element elementor-element-82f6def elementor-widget__width-initial elementor-widget elementor-widget-text-editor\" data-id=\"82f6def\" data-element_type=\"widget\" data-widget_type=\"text-editor.default\">\n\t\t\t\t<div class=\"elementor-widget-container\">\n\t\t\t\t\t\t\t\t\t<p class=\"hljs-comment\">De manera similar, para reducir cualquier impacto innecesario que la volatilidad del mercado pueda tener en la cuenta de Trading de los clientes debido a eventos econ\u00f3micos y de mercado importantes, reduciremos su apalancamiento de trading en consecuencia. En cualquier cuenta Traze (FX y metales preciosos), reduciremos el apalancamiento de trading a un m\u00e1ximo de 1:500, normalmente 30 minutos antes del anuncio, y volveremos al nivel de apalancamiento original, normalmente 10 minutos despu\u00e9s del anuncio. Esto se aplica a todas las posiciones existentes, \u00f3rdenes pendientes y nuevas \u00f3rdenes.<\/p>\t\t\t\t\t\t\t\t<\/div>\n\t\t\t\t<\/div>\n\t\t\t\t<div class=\"elementor-element elementor-element-df1dd65 elementor-widget__width-initial elementor-widget elementor-widget-text-editor\" data-id=\"df1dd65\" data-element_type=\"widget\" data-widget_type=\"text-editor.default\">\n\t\t\t\t<div class=\"elementor-widget-container\">\n\t\t\t\t\t\t\t\t\t<h6 class=\"hljs-comment\">Descargo de responsabilidad: Tenga en cuenta que los cambios en el \u00edndice de apalancamiento afectar\u00e1n los m\u00e1rgenes requeridos en su cuenta de trading, y usted es responsable de asegurarse de tener fondos suficientes en su cuenta de trading para mantener sus operaciones. Traze ajustar\u00e1 su pol\u00edtica de apalancamiento en respuesta a diversas condiciones del mercado. Por favor, preste atenci\u00f3n al anuncio emitido por nuestra empresa de vez en cuando.<\/h6>\t\t\t\t\t\t\t\t<\/div>\n\t\t\t\t<\/div>\n\t\t\t\t\t<\/div>\n\t\t<\/div>\n\t\t\t\t\t<\/div>\n\t\t<\/section>\n\t\t\t\t<\/div>\n\t\t","protected":false},"excerpt":{"rendered":"<p>Pol\u00edticas de Apalancamiento Apalancamiento basado en las acciones de la cuenta de Trading Ahora puede utilizar un apalancamiento de hasta 1:2000 al [&hellip;]<\/p>\n","protected":false},"author":2,"featured_media":0,"parent":8304,"menu_order":0,"comment_status":"closed","ping_status":"closed","template":"","meta":{"footnotes":""},"class_list":["post-8845","page","type-page","status-publish","hentry"],"yoast_head":"<!-- This site is optimized with the Yoast SEO Premium plugin v24.8 (Yoast SEO v24.8.1) - https:\/\/yoast.com\/wordpress\/plugins\/seo\/ -->\n<title>Pol\u00edticas de Apalancamiento | Traze Forex and CFD Online Trading<\/title>\n<meta name=\"robots\" content=\"index, follow, max-snippet:-1, max-image-preview:large, max-video-preview:-1\" \/>\n<link rel=\"canonical\" href=\"https:\/\/traze.com\/mx\/trading\/politicas-apalancamiento\/\" \/>\n<meta property=\"og:locale\" content=\"es_MX\" \/>\n<meta property=\"og:type\" content=\"article\" \/>\n<meta property=\"og:title\" content=\"Pol\u00edticas de Apalancamiento\" \/>\n<meta property=\"og:description\" content=\"Pol\u00edticas de Apalancamiento Apalancamiento basado en las acciones de la cuenta de Trading Ahora puede utilizar un apalancamiento de hasta 1:2000 al [&hellip;]\" \/>\n<meta property=\"og:url\" content=\"https:\/\/traze.com\/mx\/trading\/politicas-apalancamiento\/\" \/>\n<meta property=\"og:site_name\" content=\"Traze Forex and CFD Online Trading\" \/>\n<meta property=\"article:modified_time\" content=\"2023-12-19T15:40:48+00:00\" \/>\n<meta property=\"og:image\" content=\"https:\/\/traze.com\/lib\/uploads\/2022\/11\/leverage-hero.png\" \/>\n<meta name=\"twitter:card\" content=\"summary_large_image\" \/>\n<meta name=\"twitter:label1\" content=\"Tiempo de lectura\" \/>\n\t<meta name=\"twitter:data1\" content=\"3 minutos\" \/>\n<script type=\"application\/ld+json\" class=\"yoast-schema-graph\">{\"@context\":\"https:\/\/schema.org\",\"@graph\":[{\"@type\":\"WebPage\",\"@id\":\"https:\/\/traze.com\/mx\/trading\/politicas-apalancamiento\/\",\"url\":\"https:\/\/traze.com\/mx\/trading\/politicas-apalancamiento\/\",\"name\":\"Pol\u00edticas de Apalancamiento | Traze Forex and CFD Online Trading\",\"isPartOf\":{\"@id\":\"https:\/\/traze.com\/mx\/#website\"},\"primaryImageOfPage\":{\"@id\":\"https:\/\/traze.com\/mx\/trading\/politicas-apalancamiento\/#primaryimage\"},\"image\":{\"@id\":\"https:\/\/traze.com\/mx\/trading\/politicas-apalancamiento\/#primaryimage\"},\"thumbnailUrl\":\"https:\/\/traze.com\/lib\/uploads\/2022\/11\/leverage-hero.png\",\"datePublished\":\"2022-09-26T06:00:12+00:00\",\"dateModified\":\"2023-12-19T15:40:48+00:00\",\"breadcrumb\":{\"@id\":\"https:\/\/traze.com\/mx\/trading\/politicas-apalancamiento\/#breadcrumb\"},\"inLanguage\":\"es\",\"potentialAction\":[{\"@type\":\"ReadAction\",\"target\":[\"https:\/\/traze.com\/mx\/trading\/politicas-apalancamiento\/\"]}]},{\"@type\":\"ImageObject\",\"inLanguage\":\"es\",\"@id\":\"https:\/\/traze.com\/mx\/trading\/politicas-apalancamiento\/#primaryimage\",\"url\":\"https:\/\/traze.com\/lib\/uploads\/2022\/11\/leverage-hero.png\",\"contentUrl\":\"https:\/\/traze.com\/lib\/uploads\/2022\/11\/leverage-hero.png\"},{\"@type\":\"BreadcrumbList\",\"@id\":\"https:\/\/traze.com\/mx\/trading\/politicas-apalancamiento\/#breadcrumb\",\"itemListElement\":[{\"@type\":\"ListItem\",\"position\":1,\"name\":\"Home\",\"item\":\"https:\/\/traze.com\/mx\/\"},{\"@type\":\"ListItem\",\"position\":2,\"name\":\"Products summary\",\"item\":\"https:\/\/traze.com\/mx\/trading\/\"},{\"@type\":\"ListItem\",\"position\":3,\"name\":\"Pol\u00edticas de Apalancamiento\"}]},{\"@type\":\"WebSite\",\"@id\":\"https:\/\/traze.com\/mx\/#website\",\"url\":\"https:\/\/traze.com\/mx\/\",\"name\":\"Traze Forex and CFD Online Trading\",\"description\":\"\",\"publisher\":{\"@id\":\"https:\/\/traze.com\/mx\/#organization\"},\"potentialAction\":[{\"@type\":\"SearchAction\",\"target\":{\"@type\":\"EntryPoint\",\"urlTemplate\":\"https:\/\/traze.com\/mx\/?s={search_term_string}\"},\"query-input\":{\"@type\":\"PropertyValueSpecification\",\"valueRequired\":true,\"valueName\":\"search_term_string\"}}],\"inLanguage\":\"es\"},{\"@type\":\"Organization\",\"@id\":\"https:\/\/traze.com\/mx\/#organization\",\"name\":\"Traze Forex and CFD Online Trading\",\"url\":\"https:\/\/traze.com\/mx\/\",\"logo\":{\"@type\":\"ImageObject\",\"inLanguage\":\"es\",\"@id\":\"https:\/\/traze.com\/mx\/#\/schema\/logo\/image\/\",\"url\":\"https:\/\/traze.com\/lib\/uploads\/2022\/09\/traze-logo-light.svg\",\"contentUrl\":\"https:\/\/traze.com\/lib\/uploads\/2022\/09\/traze-logo-light.svg\",\"width\":121,\"height\":34,\"caption\":\"Traze Forex and CFD Online Trading\"},\"image\":{\"@id\":\"https:\/\/traze.com\/mx\/#\/schema\/logo\/image\/\"}}]}<\/script>\n<!-- \/ Yoast SEO Premium plugin. -->","yoast_head_json":{"title":"Pol\u00edticas de Apalancamiento | Traze Forex and CFD Online Trading","robots":{"index":"index","follow":"follow","max-snippet":"max-snippet:-1","max-image-preview":"max-image-preview:large","max-video-preview":"max-video-preview:-1"},"canonical":"https:\/\/traze.com\/mx\/trading\/politicas-apalancamiento\/","og_locale":"es_MX","og_type":"article","og_title":"Pol\u00edticas de Apalancamiento","og_description":"Pol\u00edticas de Apalancamiento Apalancamiento basado en las acciones de la cuenta de Trading Ahora puede utilizar un apalancamiento de hasta 1:2000 al [&hellip;]","og_url":"https:\/\/traze.com\/mx\/trading\/politicas-apalancamiento\/","og_site_name":"Traze Forex and CFD Online Trading","article_modified_time":"2023-12-19T15:40:48+00:00","og_image":[{"url":"https:\/\/traze.com\/lib\/uploads\/2022\/11\/leverage-hero.png","type":"","width":"","height":""}],"twitter_card":"summary_large_image","twitter_misc":{"Tiempo de lectura":"3 minutos"},"schema":{"@context":"https:\/\/schema.org","@graph":[{"@type":"WebPage","@id":"https:\/\/traze.com\/mx\/trading\/politicas-apalancamiento\/","url":"https:\/\/traze.com\/mx\/trading\/politicas-apalancamiento\/","name":"Pol\u00edticas de Apalancamiento | Traze Forex and CFD Online Trading","isPartOf":{"@id":"https:\/\/traze.com\/mx\/#website"},"primaryImageOfPage":{"@id":"https:\/\/traze.com\/mx\/trading\/politicas-apalancamiento\/#primaryimage"},"image":{"@id":"https:\/\/traze.com\/mx\/trading\/politicas-apalancamiento\/#primaryimage"},"thumbnailUrl":"https:\/\/traze.com\/lib\/uploads\/2022\/11\/leverage-hero.png","datePublished":"2022-09-26T06:00:12+00:00","dateModified":"2023-12-19T15:40:48+00:00","breadcrumb":{"@id":"https:\/\/traze.com\/mx\/trading\/politicas-apalancamiento\/#breadcrumb"},"inLanguage":"es","potentialAction":[{"@type":"ReadAction","target":["https:\/\/traze.com\/mx\/trading\/politicas-apalancamiento\/"]}]},{"@type":"ImageObject","inLanguage":"es","@id":"https:\/\/traze.com\/mx\/trading\/politicas-apalancamiento\/#primaryimage","url":"https:\/\/traze.com\/lib\/uploads\/2022\/11\/leverage-hero.png","contentUrl":"https:\/\/traze.com\/lib\/uploads\/2022\/11\/leverage-hero.png"},{"@type":"BreadcrumbList","@id":"https:\/\/traze.com\/mx\/trading\/politicas-apalancamiento\/#breadcrumb","itemListElement":[{"@type":"ListItem","position":1,"name":"Home","item":"https:\/\/traze.com\/mx\/"},{"@type":"ListItem","position":2,"name":"Products summary","item":"https:\/\/traze.com\/mx\/trading\/"},{"@type":"ListItem","position":3,"name":"Pol\u00edticas de Apalancamiento"}]},{"@type":"WebSite","@id":"https:\/\/traze.com\/mx\/#website","url":"https:\/\/traze.com\/mx\/","name":"Traze Forex and CFD Online Trading","description":"","publisher":{"@id":"https:\/\/traze.com\/mx\/#organization"},"potentialAction":[{"@type":"SearchAction","target":{"@type":"EntryPoint","urlTemplate":"https:\/\/traze.com\/mx\/?s={search_term_string}"},"query-input":{"@type":"PropertyValueSpecification","valueRequired":true,"valueName":"search_term_string"}}],"inLanguage":"es"},{"@type":"Organization","@id":"https:\/\/traze.com\/mx\/#organization","name":"Traze Forex and CFD Online Trading","url":"https:\/\/traze.com\/mx\/","logo":{"@type":"ImageObject","inLanguage":"es","@id":"https:\/\/traze.com\/mx\/#\/schema\/logo\/image\/","url":"https:\/\/traze.com\/lib\/uploads\/2022\/09\/traze-logo-light.svg","contentUrl":"https:\/\/traze.com\/lib\/uploads\/2022\/09\/traze-logo-light.svg","width":121,"height":34,"caption":"Traze Forex and CFD Online Trading"},"image":{"@id":"https:\/\/traze.com\/mx\/#\/schema\/logo\/image\/"}}]}},"_links":{"self":[{"href":"https:\/\/traze.com\/mx\/wp-json\/wp\/v2\/pages\/8845","targetHints":{"allow":["GET"]}}],"collection":[{"href":"https:\/\/traze.com\/mx\/wp-json\/wp\/v2\/pages"}],"about":[{"href":"https:\/\/traze.com\/mx\/wp-json\/wp\/v2\/types\/page"}],"author":[{"embeddable":true,"href":"https:\/\/traze.com\/mx\/wp-json\/wp\/v2\/users\/2"}],"replies":[{"embeddable":true,"href":"https:\/\/traze.com\/mx\/wp-json\/wp\/v2\/comments?post=8845"}],"version-history":[{"count":0,"href":"https:\/\/traze.com\/mx\/wp-json\/wp\/v2\/pages\/8845\/revisions"}],"up":[{"embeddable":true,"href":"https:\/\/traze.com\/mx\/wp-json\/wp\/v2\/pages\/8304"}],"wp:attachment":[{"href":"https:\/\/traze.com\/mx\/wp-json\/wp\/v2\/media?parent=8845"}],"curies":[{"name":"wp","href":"https:\/\/api.w.org\/{rel}","templated":true}]}}