{"id":8826,"date":"2022-10-11T12:14:54","date_gmt":"2022-10-11T12:14:54","guid":{"rendered":"https:\/\/traze.com\/?page_id=8826"},"modified":"2022-11-17T16:00:10","modified_gmt":"2022-11-17T16:00:10","slug":"politica-cookies","status":"publish","type":"page","link":"https:\/\/traze.com\/mx\/politica-cookies\/","title":{"rendered":"Pol\u00edtica de Cookies"},"content":{"rendered":"\t\t<div data-elementor-type=\"wp-page\" data-elementor-id=\"8826\" class=\"elementor elementor-8826 elementor-6598\" data-elementor-settings=\"{&quot;element_pack_global_tooltip_width&quot;:{&quot;unit&quot;:&quot;px&quot;,&quot;size&quot;:&quot;&quot;,&quot;sizes&quot;:[]},&quot;element_pack_global_tooltip_width_tablet&quot;:{&quot;unit&quot;:&quot;px&quot;,&quot;size&quot;:&quot;&quot;,&quot;sizes&quot;:[]},&quot;element_pack_global_tooltip_width_mobile&quot;:{&quot;unit&quot;:&quot;px&quot;,&quot;size&quot;:&quot;&quot;,&quot;sizes&quot;:[]},&quot;element_pack_global_tooltip_padding&quot;:{&quot;unit&quot;:&quot;px&quot;,&quot;top&quot;:&quot;&quot;,&quot;right&quot;:&quot;&quot;,&quot;bottom&quot;:&quot;&quot;,&quot;left&quot;:&quot;&quot;,&quot;isLinked&quot;:true},&quot;element_pack_global_tooltip_padding_tablet&quot;:{&quot;unit&quot;:&quot;px&quot;,&quot;top&quot;:&quot;&quot;,&quot;right&quot;:&quot;&quot;,&quot;bottom&quot;:&quot;&quot;,&quot;left&quot;:&quot;&quot;,&quot;isLinked&quot;:true},&quot;element_pack_global_tooltip_padding_mobile&quot;:{&quot;unit&quot;:&quot;px&quot;,&quot;top&quot;:&quot;&quot;,&quot;right&quot;:&quot;&quot;,&quot;bottom&quot;:&quot;&quot;,&quot;left&quot;:&quot;&quot;,&quot;isLinked&quot;:true},&quot;element_pack_global_tooltip_border_radius&quot;:{&quot;unit&quot;:&quot;px&quot;,&quot;top&quot;:&quot;&quot;,&quot;right&quot;:&quot;&quot;,&quot;bottom&quot;:&quot;&quot;,&quot;left&quot;:&quot;&quot;,&quot;isLinked&quot;:true},&quot;element_pack_global_tooltip_border_radius_tablet&quot;:{&quot;unit&quot;:&quot;px&quot;,&quot;top&quot;:&quot;&quot;,&quot;right&quot;:&quot;&quot;,&quot;bottom&quot;:&quot;&quot;,&quot;left&quot;:&quot;&quot;,&quot;isLinked&quot;:true},&quot;element_pack_global_tooltip_border_radius_mobile&quot;:{&quot;unit&quot;:&quot;px&quot;,&quot;top&quot;:&quot;&quot;,&quot;right&quot;:&quot;&quot;,&quot;bottom&quot;:&quot;&quot;,&quot;left&quot;:&quot;&quot;,&quot;isLinked&quot;:true}}\" data-elementor-post-type=\"page\">\n\t\t\t\t\t\t<div class=\"elementor-section elementor-top-section elementor-element elementor-element-9fc8ea9 zfx-hero elementor-section-boxed elementor-section-height-default elementor-section-height-default\" data-id=\"9fc8ea9\" data-element_type=\"section\" data-settings=\"{&quot;background_background&quot;:&quot;gradient&quot;}\">\n\t\t\t\t\t\t<div class=\"elementor-container elementor-column-gap-no\">\n\t\t\t\t\t<div class=\"elementor-column elementor-col-50 elementor-top-column elementor-element elementor-element-bd16e86 animated-slow elementor-invisible\" data-id=\"bd16e86\" data-element_type=\"column\" data-settings=\"{&quot;animation&quot;:&quot;fadeIn&quot;,&quot;animation_delay&quot;:200}\">\n\t\t\t<div class=\"elementor-widget-wrap elementor-element-populated\">\n\t\t\t\t\t\t<div class=\"elementor-element elementor-element-dbde533 elementor-widget elementor-widget-heading\" data-id=\"dbde533\" data-element_type=\"widget\" data-widget_type=\"heading.default\">\n\t\t\t\t<div class=\"elementor-widget-container\">\n\t\t\t\t\t<h1 class=\"elementor-heading-title elementor-size-default\">Pol\u00edtica de Cookies<\/h1>\t\t\t\t<\/div>\n\t\t\t\t<\/div>\n\t\t\t\t\t<\/div>\n\t\t<\/div>\n\t\t\t\t<div class=\"elementor-column elementor-col-50 elementor-top-column elementor-element elementor-element-c5015d4 animated-slow elementor-invisible\" data-id=\"c5015d4\" data-element_type=\"column\" data-settings=\"{&quot;animation&quot;:&quot;fadeIn&quot;}\">\n\t\t\t<div class=\"elementor-widget-wrap elementor-element-populated\">\n\t\t\t\t\t\t<div class=\"elementor-element elementor-element-bf4dd34 elementor-widget-mobile__width-initial elementor-widget__width-initial elementor-widget-tablet__width-initial elementor-absolute elementor-widget elementor-widget-image\" data-id=\"bf4dd34\" data-element_type=\"widget\" data-settings=\"{&quot;_position&quot;:&quot;absolute&quot;}\" data-widget_type=\"image.default\">\n\t\t\t\t<div class=\"elementor-widget-container\">\n\t\t\t\t\t\t\t\t\t\t\t\t\t\t\t<img fetchpriority=\"high\" decoding=\"async\" width=\"2514\" height=\"1885\" src=\"https:\/\/traze.com\/lib\/uploads\/2022\/09\/halo-gradient.svg\" class=\"attachment-full size-full wp-image-14738\" alt=\"\" \/>\t\t\t\t\t\t\t\t\t\t\t\t\t\t\t<\/div>\n\t\t\t\t<\/div>\n\t\t\t\t<div class=\"elementor-element elementor-element-fb334d0 elementor-widget-mobile__width-initial elementor-widget__width-initial elementor-widget-tablet__width-initial elementor-absolute elementor-widget elementor-widget-image\" data-id=\"fb334d0\" data-element_type=\"widget\" data-settings=\"{&quot;_position&quot;:&quot;absolute&quot;}\" data-widget_type=\"image.default\">\n\t\t\t\t<div class=\"elementor-widget-container\">\n\t\t\t\t\t\t\t\t\t\t\t\t\t\t\t<img decoding=\"async\" width=\"2360\" height=\"2360\" src=\"https:\/\/traze.com\/lib\/uploads\/2022\/09\/halo-gradient-02.svg\" class=\"attachment-full size-full wp-image-14746\" alt=\"\" srcset=\"https:\/\/traze.com\/lib\/uploads\/\/2022\/09\/halo-gradient-02.svg 150w, https:\/\/traze.com\/lib\/uploads\/\/2022\/09\/halo-gradient-02.svg 300w, https:\/\/traze.com\/lib\/uploads\/\/2022\/09\/halo-gradient-02.svg 1024w\" sizes=\"(max-width: 2360px) 100vw, 2360px\" \/>\t\t\t\t\t\t\t\t\t\t\t\t\t\t\t<\/div>\n\t\t\t\t<\/div>\n\t\t\t\t<div class=\"elementor-element elementor-element-8952699 elementor-widget-mobile__width-initial elementor-widget__width-initial elementor-widget-tablet__width-initial elementor-absolute elementor-widget elementor-widget-image\" data-id=\"8952699\" data-element_type=\"widget\" data-settings=\"{&quot;_position&quot;:&quot;absolute&quot;}\" data-widget_type=\"image.default\">\n\t\t\t\t<div class=\"elementor-widget-container\">\n\t\t\t\t\t\t\t\t\t\t\t\t\t\t\t<img decoding=\"async\" width=\"2514\" height=\"1885\" src=\"https:\/\/traze.com\/lib\/uploads\/2022\/09\/halo-gradient-03.svg\" class=\"attachment-full size-full wp-image-14742\" alt=\"\" \/>\t\t\t\t\t\t\t\t\t\t\t\t\t\t\t<\/div>\n\t\t\t\t<\/div>\n\t\t\t\t\t<\/div>\n\t\t<\/div>\n\t\t\t\t\t<\/div>\n\t\t<\/div>\n\t\t\t\t<section class=\"elementor-section elementor-top-section elementor-element elementor-element-ad2b8d0  ui-fluid-animation-1 elementor-section-boxed elementor-section-height-default elementor-section-height-default\" data-id=\"ad2b8d0\" data-element_type=\"section\" data-settings=\"{&quot;background_background&quot;:&quot;gradient&quot;,&quot;section_fluid_on&quot;:&quot;yes&quot;}\">\n\t\t\t\t\t\t<div class=\"elementor-container elementor-column-gap-default\">\n\t\t\t\t\t<div class=\"elementor-column elementor-col-100 elementor-top-column elementor-element elementor-element-36b6008 bdt-backdrop-filter-yes\" data-id=\"36b6008\" data-element_type=\"column\" data-settings=\"{&quot;background_background&quot;:&quot;classic&quot;}\">\n\t\t\t<div class=\"elementor-widget-wrap elementor-element-populated\">\n\t\t\t\t\t\t<div class=\"elementor-element elementor-element-62666bf elementor-widget elementor-widget-text-editor\" data-id=\"62666bf\" data-element_type=\"widget\" data-widget_type=\"text-editor.default\">\n\t\t\t\t<div class=\"elementor-widget-container\">\n\t\t\t\t\t\t\t\t\t<p>Cuando utilice el sitio web de traze.com, utilizaremos cookies para distinguirlo de otros usuarios de nuestro sitio web. Esto nos ayuda a brindarle una experiencia m\u00e1s relevante y efectiva cuando navega por nuestro sitio web, incluyendo la presentaci\u00f3n de sitios web de acuerdo con sus necesidades o preferencias, y nos permite mejorar el sitio en general.<\/p><p><span style=\"font-size: inherit; color: var(--zfxcore-typography--p-c,&quot;#070707&quot;); font-family: var(--zfxcore-typography--p-f,&quot;Inter&quot;); font-style: var(--zfxcore-typography--p-st,&quot;normal&quot;); font-weight: var(--zfxcore-typography--p-w,&quot;600&quot;); letter-spacing: var(--zfxcore-typography--p-ls,&quot;-0.027em&quot;); text-transform: var(--zfxcore-typography--p-t,&quot;none&quot;);\">Todos los sitios web que operan en ciertas partes de la Uni\u00f3n Europea deben obtener consentimiento al usar o almacenar cookies en su computadora o dispositivo m\u00f3vil. Esta Pol\u00edtica de cookies le proporciona informaci\u00f3n completa sobre las cookies que utilizamos y la forma en que las usamos. Tambi\u00e9n debe leer nuestra Pol\u00edtica de privacidad junto con esta Pol\u00edtica.<\/span><\/p>\n<p><strong>\u00bfQu\u00e9 es una cookie?<\/strong><\/p>\n<p>Las cookies son peque\u00f1os archivos de informaci\u00f3n, que a menudo incluyen un n\u00famero o valor de identificaci\u00f3n \u00fanico, que se almacenan en el disco duro de su computadora como resultado de su uso de nuestro sitio web. A menos que haya ajustado la configuraci\u00f3n de su navegador para que rechace las cookies, nuestro sistema emitir\u00e1 cookies tan pronto como visite nuestro sitio web.<\/p>\n<p>Las cookies se utilizan con frecuencia en muchos sitios web en Internet, y usted puede elegir si aceptar\u00e1 una cookie, adem\u00e1s de c\u00f3mo se aceptar\u00e1 cambiando sus preferencias y opciones en su navegador. Algunos de nuestros socios comerciales (p. ej., los anunciantes) utilizan cookies en nuestro(s) sitio(s) web. No tenemos acceso ni control sobre estas cookies.<\/p>\n<p>Las cookies no contienen informaci\u00f3n de identificaci\u00f3n personal ni se utilizan para identificarlo. Puede optar por deshabilitar las cookies. Sin embargo, es posible que no pueda acceder a algunas partes de nuestro sitio web si elige deshabilitar la aceptaci\u00f3n de cookies en su navegador, particularmente las partes seguras del sitio web.<\/p>\n<p><strong>C\u00f3mo eliminar y bloquear las cookies<\/strong><\/p>\n<p>Puede optar por aceptar o rechazar las cookies. La mayor\u00eda de los navegadores web aceptan autom\u00e1ticamente las cookies, pero generalmente puede modificar la configuraci\u00f3n de su navegador para rechazar las cookies si lo prefiere. Esto puede impedirle aprovechar al m\u00e1ximo el sitio web. Para obtener m\u00e1s informaci\u00f3n sobre c\u00f3mo deshabilitar las cookies, consulte www.allaboutcookies.org.<\/p>\n<p><strong>Su consentimiento<\/strong><\/p>\n<p>Debe dar su consentimiento afirmativo para que usemos cookies y tecnolog\u00edas similares en nuestro sitio web para habilitar algunas funciones esenciales para usted. Si no desea aceptar cookies en relaci\u00f3n con su uso de este sitio web, debe dejar de usar nuestro sitio web.<\/p>\n<p><strong>La forma en que utilizamos las cookies:<\/strong><\/p>\n<p>Cookies de Sesi\u00f3n<\/p>\n<p>Utilizamos cookies de sesi\u00f3n para los siguientes prop\u00f3sitos:<\/p>\n<ul>\n<li>Para permitirle llevar informaci\u00f3n a trav\u00e9s de las p\u00e1ginas de nuestro sitio y evitar tener que volver a ingresar informaci\u00f3n.<\/li>\n<li>Para permitirle acceder a la informaci\u00f3n almacenada en el registro.<\/li>\n<li>Datos no personales solo con fines de etiquetado (por n\u00famero aleatorio).<\/li>\n<\/ul>\n<p><strong>Cookies Persistentes<\/strong><\/p>\n<p>Utilizamos cookies persistentes para los siguientes prop\u00f3sitos:<\/p>\n<ul>\n<li>Para ayudarnos a reconocerlo como un visitante \u00fanico (solo un n\u00famero) cuando regrese a nuestro sitio web y para permitirnos personalizar el contenido o los anuncios para que coincidan con sus intereses preferidos o para evitar mostrarle los mismos anuncios repetidamente.<\/li>\n<li>Para compilar estad\u00edsticas agregadas an\u00f3nimas que nos permitan comprender c\u00f3mo los usuarios usan nuestro sitio y ayudarnos a mejorar la estructura de nuestro sitio web.<\/li>\n<li>Para identificarlo internamente por nombre de cuenta, nombre, direcci\u00f3n de correo electr\u00f3nico, identificaci\u00f3n de cliente, moneda y ubicaci\u00f3n (identificaci\u00f3n geogr\u00e1fica y de computadora\/direcci\u00f3n IP).<\/li>\n<li>Para diferenciar a los usuarios que est\u00e1n en la misma red para permitirnos asignar correctamente Transacciones a la cuenta adecuada.<\/li>\n<li>Dentro de las encuestas de investigaci\u00f3n para garantizar que no se le invite a completar un cuestionario con demasiada frecuencia o despu\u00e9s de que ya lo haya hecho.<\/li>\n<\/ul>\n<p><strong>Cookies de Terceros<\/strong><\/p>\n<p>Los terceros usan cookies a trav\u00e9s de este sitio. Estos se utilizan para los siguientes fines:<\/p>\n<ul>\n<li>para publicar anuncios en nuestro sitio y rastrear si los usuarios hacen clic en estos anuncios<\/li>\n<li>para controlar la frecuencia con la que se le muestra un anuncio en particular<\/li>\n<li>para adaptar el contenido a sus preferencias<\/li>\n<li>para contar el n\u00famero de usuarios an\u00f3nimos de nuestro sitio<\/li>\n<li>para el an\u00e1lisis de uso del sitio web.<\/li>\n<\/ul>\n<p><strong>Uso de Web Beacons<\/strong><\/p>\n<p>Algunas de nuestras p\u00e1ginas web pueden contener im\u00e1genes electr\u00f3nicas conocidas como Web beacons (a veces conocidas como gifs transparentes) que nos permiten contar los usuarios que han visitado estas p\u00e1ginas. Los Web beacons recopilan solo informaci\u00f3n limitada que incluye un n\u00famero de cookie, la hora y la fecha de una vista de p\u00e1gina y una descripci\u00f3n de la p\u00e1gina en la que reside la Web beacon. Tambi\u00e9n podemos llevar Web beacons colocadas por anunciantes externos. Estas beacons no llevan ninguna informaci\u00f3n de identificaci\u00f3n personal y solo se utilizan para rastrear la efectividad de una campa\u00f1a en particular.<\/p>\n<p><strong>Como contactar con nosotros<\/strong><\/p>\n<p>Si tiene alguna pregunta con respecto a esta Pol\u00edtica, tiene una queja o tiene alguna pregunta sobre la seguridad en nuestro sitio web, puede enviarnos un correo electr\u00f3nico a cs@traze.com.<\/p>\t\t\t\t\t\t\t\t<\/div>\n\t\t\t\t<\/div>\n\t\t\t\t\t<\/div>\n\t\t<\/div>\n\t\t\t\t\t<\/div>\n\t\t<\/section>\n\t\t\t\t<\/div>\n\t\t","protected":false},"excerpt":{"rendered":"<p>Pol\u00edtica de Cookies Cuando utilice el sitio web de traze.com, utilizaremos cookies para distinguirlo de otros usuarios de nuestro sitio web. Esto [&hellip;]<\/p>\n","protected":false},"author":2,"featured_media":0,"parent":0,"menu_order":0,"comment_status":"closed","ping_status":"closed","template":"","meta":{"footnotes":""},"class_list":["post-8826","page","type-page","status-publish","hentry"],"yoast_head":"<!-- This site is optimized with the Yoast SEO Premium plugin v24.8 (Yoast SEO v24.8.1) - https:\/\/yoast.com\/wordpress\/plugins\/seo\/ -->\n<title>Pol\u00edtica de Cookies | Traze Forex and CFD Online Trading<\/title>\n<meta name=\"robots\" content=\"index, follow, max-snippet:-1, max-image-preview:large, max-video-preview:-1\" \/>\n<link rel=\"canonical\" href=\"https:\/\/traze.com\/mx\/politica-cookies\/\" \/>\n<meta property=\"og:locale\" content=\"es_MX\" \/>\n<meta property=\"og:type\" content=\"article\" \/>\n<meta property=\"og:title\" content=\"Pol\u00edtica de Cookies\" \/>\n<meta property=\"og:description\" content=\"Pol\u00edtica de Cookies Cuando utilice el sitio web de traze.com, utilizaremos cookies para distinguirlo de otros usuarios de nuestro sitio web. Esto [&hellip;]\" \/>\n<meta property=\"og:url\" content=\"https:\/\/traze.com\/mx\/politica-cookies\/\" \/>\n<meta property=\"og:site_name\" content=\"Traze Forex and CFD Online Trading\" \/>\n<meta property=\"article:modified_time\" content=\"2022-11-17T16:00:10+00:00\" \/>\n<meta property=\"og:image\" content=\"https:\/\/traze.com\/lib\/uploads\/2022\/09\/halo-gradient.svg\" \/>\n<meta name=\"twitter:card\" content=\"summary_large_image\" \/>\n<meta name=\"twitter:label1\" content=\"Tiempo de lectura\" \/>\n\t<meta name=\"twitter:data1\" content=\"5 minutos\" \/>\n<script type=\"application\/ld+json\" class=\"yoast-schema-graph\">{\"@context\":\"https:\/\/schema.org\",\"@graph\":[{\"@type\":\"WebPage\",\"@id\":\"https:\/\/traze.com\/mx\/politica-cookies\/\",\"url\":\"https:\/\/traze.com\/mx\/politica-cookies\/\",\"name\":\"Pol\u00edtica de Cookies | Traze Forex and CFD Online Trading\",\"isPartOf\":{\"@id\":\"https:\/\/traze.com\/mx\/#website\"},\"primaryImageOfPage\":{\"@id\":\"https:\/\/traze.com\/mx\/politica-cookies\/#primaryimage\"},\"image\":{\"@id\":\"https:\/\/traze.com\/mx\/politica-cookies\/#primaryimage\"},\"thumbnailUrl\":\"https:\/\/traze.com\/lib\/uploads\/2022\/09\/halo-gradient.svg\",\"datePublished\":\"2022-10-11T12:14:54+00:00\",\"dateModified\":\"2022-11-17T16:00:10+00:00\",\"breadcrumb\":{\"@id\":\"https:\/\/traze.com\/mx\/politica-cookies\/#breadcrumb\"},\"inLanguage\":\"es\",\"potentialAction\":[{\"@type\":\"ReadAction\",\"target\":[\"https:\/\/traze.com\/mx\/politica-cookies\/\"]}]},{\"@type\":\"ImageObject\",\"inLanguage\":\"es\",\"@id\":\"https:\/\/traze.com\/mx\/politica-cookies\/#primaryimage\",\"url\":\"https:\/\/traze.com\/lib\/uploads\/2022\/09\/halo-gradient.svg\",\"contentUrl\":\"https:\/\/traze.com\/lib\/uploads\/2022\/09\/halo-gradient.svg\"},{\"@type\":\"BreadcrumbList\",\"@id\":\"https:\/\/traze.com\/mx\/politica-cookies\/#breadcrumb\",\"itemListElement\":[{\"@type\":\"ListItem\",\"position\":1,\"name\":\"Home\",\"item\":\"https:\/\/traze.com\/mx\/\"},{\"@type\":\"ListItem\",\"position\":2,\"name\":\"Pol\u00edtica de Cookies\"}]},{\"@type\":\"WebSite\",\"@id\":\"https:\/\/traze.com\/mx\/#website\",\"url\":\"https:\/\/traze.com\/mx\/\",\"name\":\"Traze Forex and CFD Online Trading\",\"description\":\"\",\"publisher\":{\"@id\":\"https:\/\/traze.com\/mx\/#organization\"},\"potentialAction\":[{\"@type\":\"SearchAction\",\"target\":{\"@type\":\"EntryPoint\",\"urlTemplate\":\"https:\/\/traze.com\/mx\/?s={search_term_string}\"},\"query-input\":{\"@type\":\"PropertyValueSpecification\",\"valueRequired\":true,\"valueName\":\"search_term_string\"}}],\"inLanguage\":\"es\"},{\"@type\":\"Organization\",\"@id\":\"https:\/\/traze.com\/mx\/#organization\",\"name\":\"Traze Forex and CFD Online Trading\",\"url\":\"https:\/\/traze.com\/mx\/\",\"logo\":{\"@type\":\"ImageObject\",\"inLanguage\":\"es\",\"@id\":\"https:\/\/traze.com\/mx\/#\/schema\/logo\/image\/\",\"url\":\"https:\/\/traze.com\/lib\/uploads\/2022\/09\/traze-logo-light.svg\",\"contentUrl\":\"https:\/\/traze.com\/lib\/uploads\/2022\/09\/traze-logo-light.svg\",\"width\":121,\"height\":34,\"caption\":\"Traze Forex and CFD Online Trading\"},\"image\":{\"@id\":\"https:\/\/traze.com\/mx\/#\/schema\/logo\/image\/\"}}]}<\/script>\n<!-- \/ Yoast SEO Premium plugin. -->","yoast_head_json":{"title":"Pol\u00edtica de Cookies | Traze Forex and CFD Online Trading","robots":{"index":"index","follow":"follow","max-snippet":"max-snippet:-1","max-image-preview":"max-image-preview:large","max-video-preview":"max-video-preview:-1"},"canonical":"https:\/\/traze.com\/mx\/politica-cookies\/","og_locale":"es_MX","og_type":"article","og_title":"Pol\u00edtica de Cookies","og_description":"Pol\u00edtica de Cookies Cuando utilice el sitio web de traze.com, utilizaremos cookies para distinguirlo de otros usuarios de nuestro sitio web. Esto [&hellip;]","og_url":"https:\/\/traze.com\/mx\/politica-cookies\/","og_site_name":"Traze Forex and CFD Online Trading","article_modified_time":"2022-11-17T16:00:10+00:00","og_image":[{"url":"https:\/\/traze.com\/lib\/uploads\/2022\/09\/halo-gradient.svg","type":"","width":"","height":""}],"twitter_card":"summary_large_image","twitter_misc":{"Tiempo de lectura":"5 minutos"},"schema":{"@context":"https:\/\/schema.org","@graph":[{"@type":"WebPage","@id":"https:\/\/traze.com\/mx\/politica-cookies\/","url":"https:\/\/traze.com\/mx\/politica-cookies\/","name":"Pol\u00edtica de Cookies | Traze Forex and CFD Online Trading","isPartOf":{"@id":"https:\/\/traze.com\/mx\/#website"},"primaryImageOfPage":{"@id":"https:\/\/traze.com\/mx\/politica-cookies\/#primaryimage"},"image":{"@id":"https:\/\/traze.com\/mx\/politica-cookies\/#primaryimage"},"thumbnailUrl":"https:\/\/traze.com\/lib\/uploads\/2022\/09\/halo-gradient.svg","datePublished":"2022-10-11T12:14:54+00:00","dateModified":"2022-11-17T16:00:10+00:00","breadcrumb":{"@id":"https:\/\/traze.com\/mx\/politica-cookies\/#breadcrumb"},"inLanguage":"es","potentialAction":[{"@type":"ReadAction","target":["https:\/\/traze.com\/mx\/politica-cookies\/"]}]},{"@type":"ImageObject","inLanguage":"es","@id":"https:\/\/traze.com\/mx\/politica-cookies\/#primaryimage","url":"https:\/\/traze.com\/lib\/uploads\/2022\/09\/halo-gradient.svg","contentUrl":"https:\/\/traze.com\/lib\/uploads\/2022\/09\/halo-gradient.svg"},{"@type":"BreadcrumbList","@id":"https:\/\/traze.com\/mx\/politica-cookies\/#breadcrumb","itemListElement":[{"@type":"ListItem","position":1,"name":"Home","item":"https:\/\/traze.com\/mx\/"},{"@type":"ListItem","position":2,"name":"Pol\u00edtica de Cookies"}]},{"@type":"WebSite","@id":"https:\/\/traze.com\/mx\/#website","url":"https:\/\/traze.com\/mx\/","name":"Traze Forex and CFD Online Trading","description":"","publisher":{"@id":"https:\/\/traze.com\/mx\/#organization"},"potentialAction":[{"@type":"SearchAction","target":{"@type":"EntryPoint","urlTemplate":"https:\/\/traze.com\/mx\/?s={search_term_string}"},"query-input":{"@type":"PropertyValueSpecification","valueRequired":true,"valueName":"search_term_string"}}],"inLanguage":"es"},{"@type":"Organization","@id":"https:\/\/traze.com\/mx\/#organization","name":"Traze Forex and CFD Online Trading","url":"https:\/\/traze.com\/mx\/","logo":{"@type":"ImageObject","inLanguage":"es","@id":"https:\/\/traze.com\/mx\/#\/schema\/logo\/image\/","url":"https:\/\/traze.com\/lib\/uploads\/2022\/09\/traze-logo-light.svg","contentUrl":"https:\/\/traze.com\/lib\/uploads\/2022\/09\/traze-logo-light.svg","width":121,"height":34,"caption":"Traze Forex and CFD Online Trading"},"image":{"@id":"https:\/\/traze.com\/mx\/#\/schema\/logo\/image\/"}}]}},"_links":{"self":[{"href":"https:\/\/traze.com\/mx\/wp-json\/wp\/v2\/pages\/8826","targetHints":{"allow":["GET"]}}],"collection":[{"href":"https:\/\/traze.com\/mx\/wp-json\/wp\/v2\/pages"}],"about":[{"href":"https:\/\/traze.com\/mx\/wp-json\/wp\/v2\/types\/page"}],"author":[{"embeddable":true,"href":"https:\/\/traze.com\/mx\/wp-json\/wp\/v2\/users\/2"}],"replies":[{"embeddable":true,"href":"https:\/\/traze.com\/mx\/wp-json\/wp\/v2\/comments?post=8826"}],"version-history":[{"count":0,"href":"https:\/\/traze.com\/mx\/wp-json\/wp\/v2\/pages\/8826\/revisions"}],"wp:attachment":[{"href":"https:\/\/traze.com\/mx\/wp-json\/wp\/v2\/media?parent=8826"}],"curies":[{"name":"wp","href":"https:\/\/api.w.org\/{rel}","templated":true}]}}