{"id":8421,"date":"2022-09-26T02:03:28","date_gmt":"2022-09-26T02:03:28","guid":{"rendered":"https:\/\/traze.com\/?page_id=8421"},"modified":"2022-11-09T23:30:20","modified_gmt":"2022-11-09T23:30:20","slug":"sobre-traze","status":"publish","type":"page","link":"https:\/\/traze.com\/mx\/sobre-traze\/","title":{"rendered":"Sobre Traze"},"content":{"rendered":"\t\t<div data-elementor-type=\"wp-page\" data-elementor-id=\"8421\" class=\"elementor elementor-8421 elementor-4869\" data-elementor-settings=\"{&quot;element_pack_global_tooltip_width&quot;:{&quot;unit&quot;:&quot;px&quot;,&quot;size&quot;:&quot;&quot;,&quot;sizes&quot;:[]},&quot;element_pack_global_tooltip_width_tablet&quot;:{&quot;unit&quot;:&quot;px&quot;,&quot;size&quot;:&quot;&quot;,&quot;sizes&quot;:[]},&quot;element_pack_global_tooltip_width_mobile&quot;:{&quot;unit&quot;:&quot;px&quot;,&quot;size&quot;:&quot;&quot;,&quot;sizes&quot;:[]},&quot;element_pack_global_tooltip_padding&quot;:{&quot;unit&quot;:&quot;px&quot;,&quot;top&quot;:&quot;&quot;,&quot;right&quot;:&quot;&quot;,&quot;bottom&quot;:&quot;&quot;,&quot;left&quot;:&quot;&quot;,&quot;isLinked&quot;:true},&quot;element_pack_global_tooltip_padding_tablet&quot;:{&quot;unit&quot;:&quot;px&quot;,&quot;top&quot;:&quot;&quot;,&quot;right&quot;:&quot;&quot;,&quot;bottom&quot;:&quot;&quot;,&quot;left&quot;:&quot;&quot;,&quot;isLinked&quot;:true},&quot;element_pack_global_tooltip_padding_mobile&quot;:{&quot;unit&quot;:&quot;px&quot;,&quot;top&quot;:&quot;&quot;,&quot;right&quot;:&quot;&quot;,&quot;bottom&quot;:&quot;&quot;,&quot;left&quot;:&quot;&quot;,&quot;isLinked&quot;:true},&quot;element_pack_global_tooltip_border_radius&quot;:{&quot;unit&quot;:&quot;px&quot;,&quot;top&quot;:&quot;&quot;,&quot;right&quot;:&quot;&quot;,&quot;bottom&quot;:&quot;&quot;,&quot;left&quot;:&quot;&quot;,&quot;isLinked&quot;:true},&quot;element_pack_global_tooltip_border_radius_tablet&quot;:{&quot;unit&quot;:&quot;px&quot;,&quot;top&quot;:&quot;&quot;,&quot;right&quot;:&quot;&quot;,&quot;bottom&quot;:&quot;&quot;,&quot;left&quot;:&quot;&quot;,&quot;isLinked&quot;:true},&quot;element_pack_global_tooltip_border_radius_mobile&quot;:{&quot;unit&quot;:&quot;px&quot;,&quot;top&quot;:&quot;&quot;,&quot;right&quot;:&quot;&quot;,&quot;bottom&quot;:&quot;&quot;,&quot;left&quot;:&quot;&quot;,&quot;isLinked&quot;:true}}\" data-elementor-post-type=\"page\">\n\t\t\t\t\t\t<div class=\"elementor-section elementor-top-section elementor-element elementor-element-7195f84 zfx-hero elementor-section-height-min-height elementor-section-boxed elementor-section-height-default elementor-section-items-middle\" data-id=\"7195f84\" data-element_type=\"section\" data-settings=\"{&quot;background_background&quot;:&quot;classic&quot;}\">\n\t\t\t\t\t\t<div class=\"elementor-container elementor-column-gap-no\">\n\t\t\t\t\t<div class=\"elementor-column elementor-col-50 elementor-top-column elementor-element elementor-element-d846269 animated-slow elementor-invisible\" data-id=\"d846269\" data-element_type=\"column\" data-settings=\"{&quot;animation&quot;:&quot;fadeIn&quot;,&quot;animation_delay&quot;:200}\">\n\t\t\t<div class=\"elementor-widget-wrap elementor-element-populated\">\n\t\t\t\t\t\t<div class=\"elementor-element elementor-element-e82edc8 elementor-widget elementor-widget-heading\" data-id=\"e82edc8\" data-element_type=\"widget\" data-widget_type=\"heading.default\">\n\t\t\t\t<div class=\"elementor-widget-container\">\n\t\t\t\t\t<h1 class=\"elementor-heading-title elementor-size-default\">Sobre Traze<\/h1>\t\t\t\t<\/div>\n\t\t\t\t<\/div>\n\t\t\t\t<div class=\"elementor-element elementor-element-9cc7595 elementor-widget elementor-widget-text-editor\" data-id=\"9cc7595\" data-element_type=\"widget\" data-widget_type=\"text-editor.default\">\n\t\t\t\t<div class=\"elementor-widget-container\">\n\t\t\t\t\t\t\t\t\t<p>Traze tiene la misi\u00f3n de hacer que el Trading sea claro y transparente.<\/p>\t\t\t\t\t\t\t\t<\/div>\n\t\t\t\t<\/div>\n\t\t\t\t\t<\/div>\n\t\t<\/div>\n\t\t\t\t<div class=\"elementor-column elementor-col-50 elementor-top-column elementor-element elementor-element-edccdb3 animated-slow elementor-invisible\" data-id=\"edccdb3\" data-element_type=\"column\" data-settings=\"{&quot;animation&quot;:&quot;fadeIn&quot;}\">\n\t\t\t<div class=\"elementor-widget-wrap elementor-element-populated\">\n\t\t\t\t\t\t<div class=\"elementor-element elementor-element-e46a8b2 elementor-widget-mobile__width-initial elementor-widget__width-initial elementor-widget-tablet__width-initial elementor-absolute elementor-widget elementor-widget-image\" data-id=\"e46a8b2\" data-element_type=\"widget\" data-settings=\"{&quot;_position&quot;:&quot;absolute&quot;}\" data-widget_type=\"image.default\">\n\t\t\t\t<div class=\"elementor-widget-container\">\n\t\t\t\t\t\t\t\t\t\t\t\t\t\t\t<img fetchpriority=\"high\" decoding=\"async\" width=\"754\" height=\"793\" src=\"https:\/\/traze.com\/lib\/uploads\/2022\/11\/about-traze-hero.png\" class=\"attachment-full size-full wp-image-15602\" alt=\"\" srcset=\"https:\/\/traze.com\/lib\/uploads\/2022\/11\/about-traze-hero.png 754w, https:\/\/traze.com\/lib\/uploads\/2022\/11\/about-traze-hero-285x300.png 285w, https:\/\/traze.com\/lib\/uploads\/2022\/11\/about-traze-hero-618x650.png 618w\" sizes=\"(max-width: 754px) 100vw, 754px\" \/>\t\t\t\t\t\t\t\t\t\t\t\t\t\t\t<\/div>\n\t\t\t\t<\/div>\n\t\t\t\t<div class=\"elementor-element elementor-element-2682e26 elementor-widget-mobile__width-initial elementor-widget__width-initial elementor-widget-tablet__width-initial elementor-absolute elementor-widget elementor-widget-image\" data-id=\"2682e26\" data-element_type=\"widget\" data-settings=\"{&quot;_position&quot;:&quot;absolute&quot;}\" data-widget_type=\"image.default\">\n\t\t\t\t<div class=\"elementor-widget-container\">\n\t\t\t\t\t\t\t\t\t\t\t\t\t\t\t<img decoding=\"async\" width=\"2514\" height=\"1885\" src=\"https:\/\/traze.com\/lib\/uploads\/2022\/09\/halo-gradient.svg\" class=\"attachment-full size-full wp-image-14738\" alt=\"\" \/>\t\t\t\t\t\t\t\t\t\t\t\t\t\t\t<\/div>\n\t\t\t\t<\/div>\n\t\t\t\t<div class=\"elementor-element elementor-element-8403ea2 elementor-widget-mobile__width-initial elementor-widget__width-initial elementor-widget-tablet__width-initial elementor-absolute bdt-floating-effect-infinite--yes elementor-hidden-mobile elementor-widget elementor-widget-image\" data-id=\"8403ea2\" data-element_type=\"widget\" data-settings=\"{&quot;_position&quot;:&quot;absolute&quot;,&quot;ep_floating_effects_show&quot;:&quot;yes&quot;,&quot;ep_floating_effects_translate_toggle&quot;:&quot;yes&quot;,&quot;ep_floating_effects_translate_x&quot;:{&quot;unit&quot;:&quot;px&quot;,&quot;size&quot;:&quot;&quot;,&quot;sizes&quot;:{&quot;from&quot;:-21,&quot;to&quot;:28}},&quot;ep_floating_effects_translate_y&quot;:{&quot;unit&quot;:&quot;px&quot;,&quot;size&quot;:&quot;&quot;,&quot;sizes&quot;:{&quot;from&quot;:-33,&quot;to&quot;:41}},&quot;ep_floating_effects_translate_duration&quot;:{&quot;unit&quot;:&quot;px&quot;,&quot;size&quot;:10000,&quot;sizes&quot;:[]},&quot;ep_floating_effects_rotate_toggle&quot;:&quot;yes&quot;,&quot;ep_floating_effects_rotate_infinite&quot;:&quot;yes&quot;,&quot;ep_floating_effects_rotate_duration&quot;:{&quot;unit&quot;:&quot;px&quot;,&quot;size&quot;:50000,&quot;sizes&quot;:[]},&quot;ep_floating_effects_translate_delay&quot;:{&quot;unit&quot;:&quot;px&quot;,&quot;size&quot;:&quot;&quot;,&quot;sizes&quot;:[]},&quot;ep_floating_effects_rotate_delay&quot;:{&quot;unit&quot;:&quot;px&quot;,&quot;size&quot;:&quot;&quot;,&quot;sizes&quot;:[]},&quot;ep_floating_effects_easing&quot;:&quot;easeInOutQuad&quot;}\" data-widget_type=\"image.default\">\n\t\t\t\t<div class=\"elementor-widget-container\">\n\t\t\t\t\t\t\t\t\t\t\t\t\t\t\t<img decoding=\"async\" width=\"385\" height=\"385\" src=\"https:\/\/traze.com\/lib\/uploads\/2022\/09\/hollow-sphere-01.png\" class=\"attachment-full size-full wp-image-15094\" alt=\"\" srcset=\"https:\/\/traze.com\/lib\/uploads\/2022\/09\/hollow-sphere-01.png 385w, https:\/\/traze.com\/lib\/uploads\/2022\/09\/hollow-sphere-01-300x300.png 300w, https:\/\/traze.com\/lib\/uploads\/2022\/09\/hollow-sphere-01-150x150.png 150w\" sizes=\"(max-width: 385px) 100vw, 385px\" \/>\t\t\t\t\t\t\t\t\t\t\t\t\t\t\t<\/div>\n\t\t\t\t<\/div>\n\t\t\t\t<div class=\"elementor-element elementor-element-16fe2b9 elementor-widget-mobile__width-initial elementor-widget__width-initial elementor-widget-tablet__width-initial elementor-absolute elementor-widget elementor-widget-image\" data-id=\"16fe2b9\" data-element_type=\"widget\" data-settings=\"{&quot;_position&quot;:&quot;absolute&quot;}\" data-widget_type=\"image.default\">\n\t\t\t\t<div class=\"elementor-widget-container\">\n\t\t\t\t\t\t\t\t\t\t\t\t\t\t\t<img loading=\"lazy\" decoding=\"async\" width=\"3373\" height=\"3144\" src=\"https:\/\/traze.com\/lib\/uploads\/2022\/09\/halo-gradient-07.svg\" class=\"attachment-full size-full wp-image-15134\" alt=\"\" \/>\t\t\t\t\t\t\t\t\t\t\t\t\t\t\t<\/div>\n\t\t\t\t<\/div>\n\t\t\t\t\t<\/div>\n\t\t<\/div>\n\t\t\t\t\t<\/div>\n\t\t<\/div>\n\t\t\t\t<section class=\"elementor-section elementor-top-section elementor-element elementor-element-cd89a17 elementor-section-boxed elementor-section-height-default elementor-section-height-default\" data-id=\"cd89a17\" data-element_type=\"section\">\n\t\t\t\t\t\t<div class=\"elementor-container elementor-column-gap-default\">\n\t\t\t\t\t<div class=\"elementor-column elementor-col-100 elementor-top-column elementor-element elementor-element-5a5afbf\" data-id=\"5a5afbf\" data-element_type=\"column\">\n\t\t\t<div class=\"elementor-widget-wrap elementor-element-populated\">\n\t\t\t\t\t\t<div class=\"elementor-element elementor-element-c771ba5 elementor-widget elementor-widget-heading\" data-id=\"c771ba5\" data-element_type=\"widget\" data-widget_type=\"heading.default\">\n\t\t\t\t<div class=\"elementor-widget-container\">\n\t\t\t\t\t<h3 class=\"elementor-heading-title elementor-size-default\">\u00bfEsto qu\u00e9 significa?<\/h3>\t\t\t\t<\/div>\n\t\t\t\t<\/div>\n\t\t\t\t<div class=\"elementor-element elementor-element-30bc870 elementor-widget elementor-widget-text-editor\" data-id=\"30bc870\" data-element_type=\"widget\" data-widget_type=\"text-editor.default\">\n\t\t\t\t<div class=\"elementor-widget-container\">\n\t\t\t\t\t\t\t\t\t<p>En pocas palabras, estamos aqu\u00ed para dise\u00f1ar una forma m\u00e1s accesible, justa y transparente de invertir. Estamos creando un futuro brillante y prometedor donde el trading es descomplicado, a trav\u00e9s de una plataforma que todos pueden entender y en la que pueden sentirse seguros.<\/p>\n<p><\/p>\n<p>Brindamos las herramientas y la educaci\u00f3n que permiten a los traders pulir sus habilidades, nunca dejar de aprender y crear una cartera a su medida. Perseguimos la excelencia y la transparencia en todo lo que hacemos, desde nuestros servicios hasta nuestra atenci\u00f3n al cliente.<\/p>\n<p><\/p>\n<p>As\u00ed es Traze. Claro, Seguro y Transparente.<\/p>\t\t\t\t\t\t\t\t<\/div>\n\t\t\t\t<\/div>\n\t\t\t\t\t<\/div>\n\t\t<\/div>\n\t\t\t\t\t<\/div>\n\t\t<\/section>\n\t\t\t\t<\/div>\n\t\t","protected":false},"excerpt":{"rendered":"<p>Sobre Traze Traze tiene la misi\u00f3n de hacer que el Trading sea claro y transparente. \u00bfEsto qu\u00e9 significa? En pocas palabras, estamos [&hellip;]<\/p>\n","protected":false},"author":4,"featured_media":0,"parent":0,"menu_order":0,"comment_status":"closed","ping_status":"closed","template":"","meta":{"footnotes":""},"class_list":["post-8421","page","type-page","status-publish","hentry"],"yoast_head":"<!-- This site is optimized with the Yoast SEO Premium plugin v24.8 (Yoast SEO v24.8.1) - https:\/\/yoast.com\/wordpress\/plugins\/seo\/ -->\n<title>Sobre Traze | Traze Forex and CFD Online Trading<\/title>\n<meta name=\"robots\" content=\"index, follow, max-snippet:-1, max-image-preview:large, max-video-preview:-1\" \/>\n<link rel=\"canonical\" href=\"https:\/\/traze.com\/mx\/sobre-traze\/\" \/>\n<meta property=\"og:locale\" content=\"es_MX\" \/>\n<meta property=\"og:type\" content=\"article\" \/>\n<meta property=\"og:title\" content=\"Sobre Traze\" \/>\n<meta property=\"og:description\" content=\"Sobre Traze Traze tiene la misi\u00f3n de hacer que el Trading sea claro y transparente. \u00bfEsto qu\u00e9 significa? En pocas palabras, estamos [&hellip;]\" \/>\n<meta property=\"og:url\" content=\"https:\/\/traze.com\/mx\/sobre-traze\/\" \/>\n<meta property=\"og:site_name\" content=\"Traze Forex and CFD Online Trading\" \/>\n<meta property=\"article:modified_time\" content=\"2022-11-09T23:30:20+00:00\" \/>\n<meta property=\"og:image\" content=\"https:\/\/traze.com\/lib\/uploads\/2022\/11\/about-traze-hero.png\" \/>\n<meta name=\"twitter:card\" content=\"summary_large_image\" \/>\n<script type=\"application\/ld+json\" class=\"yoast-schema-graph\">{\"@context\":\"https:\/\/schema.org\",\"@graph\":[{\"@type\":\"WebPage\",\"@id\":\"https:\/\/traze.com\/mx\/sobre-traze\/\",\"url\":\"https:\/\/traze.com\/mx\/sobre-traze\/\",\"name\":\"Sobre Traze | Traze Forex and CFD Online Trading\",\"isPartOf\":{\"@id\":\"https:\/\/traze.com\/mx\/#website\"},\"primaryImageOfPage\":{\"@id\":\"https:\/\/traze.com\/mx\/sobre-traze\/#primaryimage\"},\"image\":{\"@id\":\"https:\/\/traze.com\/mx\/sobre-traze\/#primaryimage\"},\"thumbnailUrl\":\"https:\/\/traze.com\/lib\/uploads\/2022\/11\/about-traze-hero.png\",\"datePublished\":\"2022-09-26T02:03:28+00:00\",\"dateModified\":\"2022-11-09T23:30:20+00:00\",\"breadcrumb\":{\"@id\":\"https:\/\/traze.com\/mx\/sobre-traze\/#breadcrumb\"},\"inLanguage\":\"es\",\"potentialAction\":[{\"@type\":\"ReadAction\",\"target\":[\"https:\/\/traze.com\/mx\/sobre-traze\/\"]}]},{\"@type\":\"ImageObject\",\"inLanguage\":\"es\",\"@id\":\"https:\/\/traze.com\/mx\/sobre-traze\/#primaryimage\",\"url\":\"https:\/\/traze.com\/lib\/uploads\/2022\/11\/about-traze-hero.png\",\"contentUrl\":\"https:\/\/traze.com\/lib\/uploads\/2022\/11\/about-traze-hero.png\"},{\"@type\":\"BreadcrumbList\",\"@id\":\"https:\/\/traze.com\/mx\/sobre-traze\/#breadcrumb\",\"itemListElement\":[{\"@type\":\"ListItem\",\"position\":1,\"name\":\"Home\",\"item\":\"https:\/\/traze.com\/mx\/\"},{\"@type\":\"ListItem\",\"position\":2,\"name\":\"Sobre Traze\"}]},{\"@type\":\"WebSite\",\"@id\":\"https:\/\/traze.com\/mx\/#website\",\"url\":\"https:\/\/traze.com\/mx\/\",\"name\":\"Traze Forex and CFD Online Trading\",\"description\":\"\",\"publisher\":{\"@id\":\"https:\/\/traze.com\/mx\/#organization\"},\"potentialAction\":[{\"@type\":\"SearchAction\",\"target\":{\"@type\":\"EntryPoint\",\"urlTemplate\":\"https:\/\/traze.com\/mx\/?s={search_term_string}\"},\"query-input\":{\"@type\":\"PropertyValueSpecification\",\"valueRequired\":true,\"valueName\":\"search_term_string\"}}],\"inLanguage\":\"es\"},{\"@type\":\"Organization\",\"@id\":\"https:\/\/traze.com\/mx\/#organization\",\"name\":\"Traze Forex and CFD Online Trading\",\"url\":\"https:\/\/traze.com\/mx\/\",\"logo\":{\"@type\":\"ImageObject\",\"inLanguage\":\"es\",\"@id\":\"https:\/\/traze.com\/mx\/#\/schema\/logo\/image\/\",\"url\":\"https:\/\/traze.com\/lib\/uploads\/2022\/09\/traze-logo-light.svg\",\"contentUrl\":\"https:\/\/traze.com\/lib\/uploads\/2022\/09\/traze-logo-light.svg\",\"width\":121,\"height\":34,\"caption\":\"Traze Forex and CFD Online Trading\"},\"image\":{\"@id\":\"https:\/\/traze.com\/mx\/#\/schema\/logo\/image\/\"}}]}<\/script>\n<!-- \/ Yoast SEO Premium plugin. -->","yoast_head_json":{"title":"Sobre Traze | Traze Forex and CFD Online Trading","robots":{"index":"index","follow":"follow","max-snippet":"max-snippet:-1","max-image-preview":"max-image-preview:large","max-video-preview":"max-video-preview:-1"},"canonical":"https:\/\/traze.com\/mx\/sobre-traze\/","og_locale":"es_MX","og_type":"article","og_title":"Sobre Traze","og_description":"Sobre Traze Traze tiene la misi\u00f3n de hacer que el Trading sea claro y transparente. \u00bfEsto qu\u00e9 significa? En pocas palabras, estamos [&hellip;]","og_url":"https:\/\/traze.com\/mx\/sobre-traze\/","og_site_name":"Traze Forex and CFD Online Trading","article_modified_time":"2022-11-09T23:30:20+00:00","og_image":[{"url":"https:\/\/traze.com\/lib\/uploads\/2022\/11\/about-traze-hero.png","type":"","width":"","height":""}],"twitter_card":"summary_large_image","schema":{"@context":"https:\/\/schema.org","@graph":[{"@type":"WebPage","@id":"https:\/\/traze.com\/mx\/sobre-traze\/","url":"https:\/\/traze.com\/mx\/sobre-traze\/","name":"Sobre Traze | Traze Forex and CFD Online Trading","isPartOf":{"@id":"https:\/\/traze.com\/mx\/#website"},"primaryImageOfPage":{"@id":"https:\/\/traze.com\/mx\/sobre-traze\/#primaryimage"},"image":{"@id":"https:\/\/traze.com\/mx\/sobre-traze\/#primaryimage"},"thumbnailUrl":"https:\/\/traze.com\/lib\/uploads\/2022\/11\/about-traze-hero.png","datePublished":"2022-09-26T02:03:28+00:00","dateModified":"2022-11-09T23:30:20+00:00","breadcrumb":{"@id":"https:\/\/traze.com\/mx\/sobre-traze\/#breadcrumb"},"inLanguage":"es","potentialAction":[{"@type":"ReadAction","target":["https:\/\/traze.com\/mx\/sobre-traze\/"]}]},{"@type":"ImageObject","inLanguage":"es","@id":"https:\/\/traze.com\/mx\/sobre-traze\/#primaryimage","url":"https:\/\/traze.com\/lib\/uploads\/2022\/11\/about-traze-hero.png","contentUrl":"https:\/\/traze.com\/lib\/uploads\/2022\/11\/about-traze-hero.png"},{"@type":"BreadcrumbList","@id":"https:\/\/traze.com\/mx\/sobre-traze\/#breadcrumb","itemListElement":[{"@type":"ListItem","position":1,"name":"Home","item":"https:\/\/traze.com\/mx\/"},{"@type":"ListItem","position":2,"name":"Sobre Traze"}]},{"@type":"WebSite","@id":"https:\/\/traze.com\/mx\/#website","url":"https:\/\/traze.com\/mx\/","name":"Traze Forex and CFD Online Trading","description":"","publisher":{"@id":"https:\/\/traze.com\/mx\/#organization"},"potentialAction":[{"@type":"SearchAction","target":{"@type":"EntryPoint","urlTemplate":"https:\/\/traze.com\/mx\/?s={search_term_string}"},"query-input":{"@type":"PropertyValueSpecification","valueRequired":true,"valueName":"search_term_string"}}],"inLanguage":"es"},{"@type":"Organization","@id":"https:\/\/traze.com\/mx\/#organization","name":"Traze Forex and CFD Online Trading","url":"https:\/\/traze.com\/mx\/","logo":{"@type":"ImageObject","inLanguage":"es","@id":"https:\/\/traze.com\/mx\/#\/schema\/logo\/image\/","url":"https:\/\/traze.com\/lib\/uploads\/2022\/09\/traze-logo-light.svg","contentUrl":"https:\/\/traze.com\/lib\/uploads\/2022\/09\/traze-logo-light.svg","width":121,"height":34,"caption":"Traze Forex and CFD Online Trading"},"image":{"@id":"https:\/\/traze.com\/mx\/#\/schema\/logo\/image\/"}}]}},"_links":{"self":[{"href":"https:\/\/traze.com\/mx\/wp-json\/wp\/v2\/pages\/8421","targetHints":{"allow":["GET"]}}],"collection":[{"href":"https:\/\/traze.com\/mx\/wp-json\/wp\/v2\/pages"}],"about":[{"href":"https:\/\/traze.com\/mx\/wp-json\/wp\/v2\/types\/page"}],"author":[{"embeddable":true,"href":"https:\/\/traze.com\/mx\/wp-json\/wp\/v2\/users\/4"}],"replies":[{"embeddable":true,"href":"https:\/\/traze.com\/mx\/wp-json\/wp\/v2\/comments?post=8421"}],"version-history":[{"count":0,"href":"https:\/\/traze.com\/mx\/wp-json\/wp\/v2\/pages\/8421\/revisions"}],"wp:attachment":[{"href":"https:\/\/traze.com\/mx\/wp-json\/wp\/v2\/media?parent=8421"}],"curies":[{"name":"wp","href":"https:\/\/api.w.org\/{rel}","templated":true}]}}